{"id":2011,"date":"2023-12-23T06:56:14","date_gmt":"2023-12-23T06:56:14","guid":{"rendered":"https:\/\/musictravels.pl\/?page_id=2011"},"modified":"2023-12-23T06:57:26","modified_gmt":"2023-12-23T06:57:26","slug":"polityka-prywatnosci","status":"publish","type":"page","link":"https:\/\/musictravels.pl\/en\/privacy-policy\/","title":{"rendered":"Privacy Policy"},"content":{"rendered":"<div data-elementor-type=\"wp-page\" data-elementor-id=\"2011\" class=\"elementor elementor-2011\">\n\t\t\t\t\t\t<div class=\"elementor-inner\">\n\t\t\t\t<div class=\"elementor-section-wrap\">\n\t\t\t\t\t\t\t\t\t<section class=\"elementor-section elementor-top-section elementor-element elementor-element-027b947 elementor-section-full_width elementor-section-height-default elementor-section-height-default row-top\" data-id=\"027b947\" data-element_type=\"section\">\n\t\t\t\t\t\t<div class=\"elementor-container elementor-column-gap-default\">\n\t\t\t\t\t\t\t<div class=\"elementor-row\">\n\t\t\t\t\t<div class=\"elementor-column elementor-col-100 elementor-top-column elementor-element elementor-element-d0bf791\" data-id=\"d0bf791\" data-element_type=\"column\">\n\t\t\t<div class=\"elementor-column-wrap elementor-element-populated\">\n\t\t\t\t\t\t\t<div class=\"elementor-widget-wrap\">\n\t\t\t\t\t\t<section class=\"elementor-section elementor-inner-section elementor-element elementor-element-01bc3a9 elementor-section-boxed elementor-section-height-default elementor-section-height-default row-top\" data-id=\"01bc3a9\" data-element_type=\"section\">\n\t\t\t\t\t\t<div class=\"elementor-container elementor-column-gap-default\">\n\t\t\t\t\t\t\t<div class=\"elementor-row\">\n\t\t\t\t\t<div class=\"elementor-column elementor-col-100 elementor-inner-column elementor-element elementor-element-639c088\" data-id=\"639c088\" data-element_type=\"column\">\n\t\t\t<div class=\"elementor-column-wrap elementor-element-populated\">\n\t\t\t\t\t\t\t<div class=\"elementor-widget-wrap\">\n\t\t\t\t\t\t<div class=\"elementor-element elementor-element-7938ee5 elementor-widget elementor-widget-gva-heading-block\" data-id=\"7938ee5\" data-element_type=\"widget\" data-widget_type=\"gva-heading-block.default\">\n\t\t\t\t<div class=\"elementor-widget-container\">\n\t\t\t<div class=\"gva-element-gva-heading-block gva-element\">   <div class=\"align-center style-1 widget gsc-heading box-align-center auto-responsive\">\r\n      <div class=\"content-inner\">\r\n         \r\n                  \r\n           \r\n         \r\n                     <h2 class=\"title\">\r\n               <span>Privacy Policy<\/span>\r\n            <\/h2>\r\n                  \r\n         \r\n      <\/div>\r\n   <\/div>\r\n<\/div>\t\t<\/div>\n\t\t\t\t<\/div>\n\t\t\t\t<div class=\"elementor-element elementor-element-a5e6c8c elementor-widget elementor-widget-text-editor\" data-id=\"a5e6c8c\" data-element_type=\"widget\" data-widget_type=\"text-editor.default\">\n\t\t\t\t<div class=\"elementor-widget-container\">\n\t\t\t<style>\/*! elementor - v3.16.0 - 17-10-2023 *\/\n.elementor-widget-text-editor.elementor-drop-cap-view-stacked .elementor-drop-cap{background-color:#69727d;color:#fff}.elementor-widget-text-editor.elementor-drop-cap-view-framed .elementor-drop-cap{color:#69727d;border:3px solid;background-color:transparent}.elementor-widget-text-editor:not(.elementor-drop-cap-view-default) .elementor-drop-cap{margin-top:8px}.elementor-widget-text-editor:not(.elementor-drop-cap-view-default) .elementor-drop-cap-letter{width:1em;height:1em}.elementor-widget-text-editor .elementor-drop-cap{float:left;text-align:center;line-height:1;font-size:50px}.elementor-widget-text-editor .elementor-drop-cap-letter{display:inline-block}<\/style>\t\t\t\t\t<div class=\"elementor-text-editor elementor-clearfix\">\n\t\t\t\t<p style=\"text-align: center;\"><strong>1 Introduction:<\/strong><\/p><p>1.1 This Privacy Policy sets out the rules for the collection, processing and storage of personal data by MI STUDIO S.C. Tourist Agency in connection with the booking of places on 5-day tours by other travel agencies.<\/p><p style=\"text-align: center;\"><strong>2 Data Controller:<\/strong><\/p><p>2.1 The administrator of the personal data is MI STUDIO S.C., NIP: 8992490766, REGON: 932956027, with its registered office at ul. Orzechowa 45\/12, 50-540 Wroc\u0142aw, Lower Silesia Province.<\/p><p style=\"text-align: center;\"><strong>3 Types of Personal Data:<\/strong><\/p><p>3.1 In the process of booking places on tours, the Tourist Agency may collect the following types of personal data:<\/p><ul><li>Name of travel agent representative,<\/li><li>Email address,<\/li><li>Contact telephone number,<\/li><li>Company details (TIN, REGON, registered office address).<\/li><\/ul><p style=\"text-align: center;\"><strong>4 Purpose and Legal Basis of Data Processing:<\/strong><\/p><p>4.1 Personal data is processed to enable the booking of places on 5-day tours by other travel agencies.<\/p><p>4.2 The legal basis for processing the data is the consent of the representative of the travel agent and the necessity to process the data for the performance of the contract.<\/p><p style=\"text-align: center;\"><strong>5 Data Retention Period:<\/strong><\/p><p>5.1 Personal data is stored for the period necessary to complete the booking and in accordance with applicable legislation.<\/p><p style=\"text-align: center;\"><strong>6 Sharing of Personal Data:<\/strong><\/p><p>6.1 Personal data shall not be made available to third parties without the express consent of the representative of the travel agent, unless this is necessary for the completion of the booking.<\/p><p><strong>7 Data Security:<\/strong><\/p><p>7.1 MI STUDIO S.C. Tourist Agency takes all necessary measures to ensure the security of the personal data processed, including technical and organisational safeguards.<\/p><p style=\"text-align: center;\"><strong>8 Rights of Data Subjects:<\/strong><\/p><p>8.1 Data subjects have the right to access, rectification, erasure, restriction of processing and to object to the processing of their data.<\/p><p style=\"text-align: center;\"><strong>9 Contact:<\/strong><\/p><p>9.1 Any questions regarding the Privacy Policy can be directed to the following email address: <a target=\"_new\">mistudio@mi-studio.com<\/a> or to the mailing address of MI STUDIO S.C. Tourist Agency.<\/p><p><strong>10. Changes to the Privacy Policy:<\/strong><\/p><p>10.1 MI STUDIO Tourist Agency S.C. reserves the right to make changes to this Privacy Policy. Updates will be published on the Agency's website.<\/p><p>Last updated: [Date updated].<\/p><p><strong>Annex: Information clause for travel agents:<\/strong><\/p><p>We hereby inform you that your personal data is processed for the purpose of booking places on 5-day tours. The data administrator is MI STUDIO S.C. with its registered office at Orzechowa 45\/12, 50-540 Wroc\u0142aw. More information in the Privacy Policy available on the website of MI STUDIO S.C. Tourist Agency.<\/p>\t\t\t\t\t<\/div>\n\t\t\t\t\t\t<\/div>\n\t\t\t\t<\/div>\n\t\t\t\t\t\t<\/div>\n\t\t\t\t\t<\/div>\n\t\t<\/div>\n\t\t\t\t\t\t\t\t<\/div>\n\t\t\t\t\t<\/div>\n\t\t<\/section>\n\t\t\t\t\t\t<\/div>\n\t\t\t\t\t<\/div>\n\t\t<\/div>\n\t\t\t\t\t\t\t\t<\/div>\n\t\t\t\t\t<\/div>\n\t\t<\/section>\n\t\t\t\t\t\t\t\t\t<\/div>\n\t\t\t<\/div>\n\t\t\t\t\t<\/div>","protected":false},"excerpt":{"rendered":"<p>Polityka Prywatno\u015bci 1. Wprowadzenie: 1.1 Niniejsza Polityka Prywatno\u015bci okre\u015bla zasady zbierania, przetwarzania i przechowywania danych osobowych przez Agencj\u0119 Turystyczn\u0105 MI STUDIO S.C. w zwi\u0105zku z rezerwacj\u0105 miejsc w 5-dniowych wycieczkach przez inne biura podr\u00f3\u017cy. 2. Administrator Danych: 2.1 Administratorem danych osobowych jest MI STUDIO S.C., NIP: 8992490766, REGON: 932956027, z siedzib\u0105 przy ul. Orzechowa 45\/12, [&hellip;]<\/p>","protected":false},"author":1,"featured_media":0,"parent":0,"menu_order":0,"comment_status":"closed","ping_status":"closed","template":"","meta":{"_monsterinsights_skip_tracking":false,"_monsterinsights_sitenote_active":false,"_monsterinsights_sitenote_note":"","_monsterinsights_sitenote_category":0,"footnotes":""},"class_list":["post-2011","page","type-page","status-publish","hentry"],"yoast_head":"<!-- This site is optimized with the Yoast SEO plugin v21.4 - https:\/\/yoast.com\/wordpress\/plugins\/seo\/ -->\n<title>Polityka Prywatno\u015bci - My Blog<\/title>\n<meta name=\"robots\" content=\"index, follow, max-snippet:-1, max-image-preview:large, max-video-preview:-1\" \/>\n<link rel=\"canonical\" href=\"https:\/\/musictravels.pl\/en\/privacy-policy\/\" \/>\n<meta property=\"og:locale\" content=\"en_GB\" \/>\n<meta property=\"og:type\" content=\"article\" \/>\n<meta property=\"og:title\" content=\"Polityka Prywatno\u015bci - My Blog\" \/>\n<meta property=\"og:description\" content=\"Polityka Prywatno\u015bci 1. Wprowadzenie: 1.1 Niniejsza Polityka Prywatno\u015bci okre\u015bla zasady zbierania, przetwarzania i przechowywania danych osobowych przez Agencj\u0119 Turystyczn\u0105 MI STUDIO S.C. w zwi\u0105zku z rezerwacj\u0105 miejsc w 5-dniowych wycieczkach przez inne biura podr\u00f3\u017cy. 2. Administrator Danych: 2.1 Administratorem danych osobowych jest MI STUDIO S.C., NIP: 8992490766, REGON: 932956027, z siedzib\u0105 przy ul. Orzechowa 45\/12, [&hellip;]\" \/>\n<meta property=\"og:url\" content=\"https:\/\/musictravels.pl\/en\/privacy-policy\/\" \/>\n<meta property=\"og:site_name\" content=\"My Blog\" \/>\n<meta property=\"article:modified_time\" content=\"2023-12-23T06:57:26+00:00\" \/>\n<meta name=\"twitter:card\" content=\"summary_large_image\" \/>\n<meta name=\"twitter:label1\" content=\"Estimated reading time\" \/>\n\t<meta name=\"twitter:data1\" content=\"3 minutes\" \/>\n<script type=\"application\/ld+json\" class=\"yoast-schema-graph\">{\"@context\":\"https:\/\/schema.org\",\"@graph\":[{\"@type\":\"WebPage\",\"@id\":\"https:\/\/musictravels.pl\/polityka-prywatnosci\/\",\"url\":\"https:\/\/musictravels.pl\/polityka-prywatnosci\/\",\"name\":\"Polityka Prywatno\u015bci - My Blog\",\"isPartOf\":{\"@id\":\"https:\/\/musictravels.pl\/#website\"},\"datePublished\":\"2023-12-23T06:56:14+00:00\",\"dateModified\":\"2023-12-23T06:57:26+00:00\",\"breadcrumb\":{\"@id\":\"https:\/\/musictravels.pl\/polityka-prywatnosci\/#breadcrumb\"},\"inLanguage\":\"en-GB\",\"potentialAction\":[{\"@type\":\"ReadAction\",\"target\":[\"https:\/\/musictravels.pl\/polityka-prywatnosci\/\"]}]},{\"@type\":\"BreadcrumbList\",\"@id\":\"https:\/\/musictravels.pl\/polityka-prywatnosci\/#breadcrumb\",\"itemListElement\":[{\"@type\":\"ListItem\",\"position\":1,\"name\":\"Strona g\u0142\u00f3wna\",\"item\":\"https:\/\/musictravels.pl\/\"},{\"@type\":\"ListItem\",\"position\":2,\"name\":\"Polityka Prywatno\u015bci\"}]},{\"@type\":\"WebSite\",\"@id\":\"https:\/\/musictravels.pl\/#website\",\"url\":\"https:\/\/musictravels.pl\/\",\"name\":\"My Blog\",\"description\":\"My WordPress Blog\",\"potentialAction\":[{\"@type\":\"SearchAction\",\"target\":{\"@type\":\"EntryPoint\",\"urlTemplate\":\"https:\/\/musictravels.pl\/?s={search_term_string}\"},\"query-input\":\"required name=search_term_string\"}],\"inLanguage\":\"en-GB\"}]}<\/script>\n<!-- \/ Yoast SEO plugin. -->","yoast_head_json":{"title":"Polityka Prywatno\u015bci - My Blog","robots":{"index":"index","follow":"follow","max-snippet":"max-snippet:-1","max-image-preview":"max-image-preview:large","max-video-preview":"max-video-preview:-1"},"canonical":"https:\/\/musictravels.pl\/en\/privacy-policy\/","og_locale":"en_GB","og_type":"article","og_title":"Polityka Prywatno\u015bci - My Blog","og_description":"Polityka Prywatno\u015bci 1. Wprowadzenie: 1.1 Niniejsza Polityka Prywatno\u015bci okre\u015bla zasady zbierania, przetwarzania i przechowywania danych osobowych przez Agencj\u0119 Turystyczn\u0105 MI STUDIO S.C. w zwi\u0105zku z rezerwacj\u0105 miejsc w 5-dniowych wycieczkach przez inne biura podr\u00f3\u017cy. 2. Administrator Danych: 2.1 Administratorem danych osobowych jest MI STUDIO S.C., NIP: 8992490766, REGON: 932956027, z siedzib\u0105 przy ul. Orzechowa 45\/12, [&hellip;]","og_url":"https:\/\/musictravels.pl\/en\/privacy-policy\/","og_site_name":"My Blog","article_modified_time":"2023-12-23T06:57:26+00:00","twitter_card":"summary_large_image","twitter_misc":{"Estimated reading time":"3 minutes"},"schema":{"@context":"https:\/\/schema.org","@graph":[{"@type":"WebPage","@id":"https:\/\/musictravels.pl\/polityka-prywatnosci\/","url":"https:\/\/musictravels.pl\/polityka-prywatnosci\/","name":"Polityka Prywatno\u015bci - My Blog","isPartOf":{"@id":"https:\/\/musictravels.pl\/#website"},"datePublished":"2023-12-23T06:56:14+00:00","dateModified":"2023-12-23T06:57:26+00:00","breadcrumb":{"@id":"https:\/\/musictravels.pl\/polityka-prywatnosci\/#breadcrumb"},"inLanguage":"en-GB","potentialAction":[{"@type":"ReadAction","target":["https:\/\/musictravels.pl\/polityka-prywatnosci\/"]}]},{"@type":"BreadcrumbList","@id":"https:\/\/musictravels.pl\/polityka-prywatnosci\/#breadcrumb","itemListElement":[{"@type":"ListItem","position":1,"name":"Strona g\u0142\u00f3wna","item":"https:\/\/musictravels.pl\/"},{"@type":"ListItem","position":2,"name":"Polityka Prywatno\u015bci"}]},{"@type":"WebSite","@id":"https:\/\/musictravels.pl\/#website","url":"https:\/\/musictravels.pl\/","name":"My Blog","description":"My WordPress Blog","potentialAction":[{"@type":"SearchAction","target":{"@type":"EntryPoint","urlTemplate":"https:\/\/musictravels.pl\/?s={search_term_string}"},"query-input":"required name=search_term_string"}],"inLanguage":"en-GB"}]}},"_links":{"self":[{"href":"https:\/\/musictravels.pl\/en\/wp-json\/wp\/v2\/pages\/2011","targetHints":{"allow":["GET"]}}],"collection":[{"href":"https:\/\/musictravels.pl\/en\/wp-json\/wp\/v2\/pages"}],"about":[{"href":"https:\/\/musictravels.pl\/en\/wp-json\/wp\/v2\/types\/page"}],"author":[{"embeddable":true,"href":"https:\/\/musictravels.pl\/en\/wp-json\/wp\/v2\/users\/1"}],"replies":[{"embeddable":true,"href":"https:\/\/musictravels.pl\/en\/wp-json\/wp\/v2\/comments?post=2011"}],"version-history":[{"count":4,"href":"https:\/\/musictravels.pl\/en\/wp-json\/wp\/v2\/pages\/2011\/revisions"}],"predecessor-version":[{"id":2015,"href":"https:\/\/musictravels.pl\/en\/wp-json\/wp\/v2\/pages\/2011\/revisions\/2015"}],"wp:attachment":[{"href":"https:\/\/musictravels.pl\/en\/wp-json\/wp\/v2\/media?parent=2011"}],"curies":[{"name":"wp","href":"https:\/\/api.w.org\/{rel}","templated":true}]}}