{"id":1993,"date":"2023-12-23T06:29:16","date_gmt":"2023-12-23T06:29:16","guid":{"rendered":"https:\/\/musictravels.pl\/?page_id=1993"},"modified":"2023-12-26T20:16:21","modified_gmt":"2023-12-26T20:16:21","slug":"regulamin","status":"publish","type":"page","link":"https:\/\/musictravels.pl\/en\/regulations\/","title":{"rendered":"Regulations"},"content":{"rendered":"<div data-elementor-type=\"wp-page\" data-elementor-id=\"1993\" class=\"elementor elementor-1993\">\n\t\t\t\t\t\t<div class=\"elementor-inner\">\n\t\t\t\t<div class=\"elementor-section-wrap\">\n\t\t\t\t\t\t\t\t\t<section class=\"elementor-section elementor-top-section elementor-element elementor-element-027b947 elementor-section-full_width elementor-section-height-default elementor-section-height-default row-top\" data-id=\"027b947\" data-element_type=\"section\">\n\t\t\t\t\t\t<div class=\"elementor-container elementor-column-gap-default\">\n\t\t\t\t\t\t\t<div class=\"elementor-row\">\n\t\t\t\t\t<div class=\"elementor-column elementor-col-100 elementor-top-column elementor-element elementor-element-d0bf791\" data-id=\"d0bf791\" data-element_type=\"column\">\n\t\t\t<div class=\"elementor-column-wrap elementor-element-populated\">\n\t\t\t\t\t\t\t<div class=\"elementor-widget-wrap\">\n\t\t\t\t\t\t<section class=\"elementor-section elementor-inner-section elementor-element elementor-element-01bc3a9 elementor-section-boxed elementor-section-height-default elementor-section-height-default row-top\" data-id=\"01bc3a9\" data-element_type=\"section\">\n\t\t\t\t\t\t<div class=\"elementor-container elementor-column-gap-default\">\n\t\t\t\t\t\t\t<div class=\"elementor-row\">\n\t\t\t\t\t<div class=\"elementor-column elementor-col-100 elementor-inner-column elementor-element elementor-element-639c088\" data-id=\"639c088\" data-element_type=\"column\">\n\t\t\t<div class=\"elementor-column-wrap elementor-element-populated\">\n\t\t\t\t\t\t\t<div class=\"elementor-widget-wrap\">\n\t\t\t\t\t\t<div class=\"elementor-element elementor-element-7938ee5 elementor-widget elementor-widget-gva-heading-block\" data-id=\"7938ee5\" data-element_type=\"widget\" data-widget_type=\"gva-heading-block.default\">\n\t\t\t\t<div class=\"elementor-widget-container\">\n\t\t\t<div class=\"gva-element-gva-heading-block gva-element\">   <div class=\"align-center style-1 widget gsc-heading box-align-center auto-responsive\">\r\n      <div class=\"content-inner\">\r\n         \r\n                  \r\n           \r\n         \r\n                     <h2 class=\"title\">\r\n               <span>Terms and conditions for booking trips for travel agents <\/span>\r\n            <\/h2>\r\n                  \r\n         \r\n      <\/div>\r\n   <\/div>\r\n<\/div>\t\t<\/div>\n\t\t\t\t<\/div>\n\t\t\t\t<div class=\"elementor-element elementor-element-a5e6c8c elementor-widget elementor-widget-text-editor\" data-id=\"a5e6c8c\" data-element_type=\"widget\" data-widget_type=\"text-editor.default\">\n\t\t\t\t<div class=\"elementor-widget-container\">\n\t\t\t<style>\/*! elementor - v3.16.0 - 17-10-2023 *\/\n.elementor-widget-text-editor.elementor-drop-cap-view-stacked .elementor-drop-cap{background-color:#69727d;color:#fff}.elementor-widget-text-editor.elementor-drop-cap-view-framed .elementor-drop-cap{color:#69727d;border:3px solid;background-color:transparent}.elementor-widget-text-editor:not(.elementor-drop-cap-view-default) .elementor-drop-cap{margin-top:8px}.elementor-widget-text-editor:not(.elementor-drop-cap-view-default) .elementor-drop-cap-letter{width:1em;height:1em}.elementor-widget-text-editor .elementor-drop-cap{float:left;text-align:center;line-height:1;font-size:50px}.elementor-widget-text-editor .elementor-drop-cap-letter{display:inline-block}<\/style>\t\t\t\t\t<div class=\"elementor-text-editor elementor-clearfix\">\n\t\t\t\t<p style=\"text-align: center;\"><strong>1 General provisions:<\/strong><\/p><p>1.1 These regulations set out the rules for booking places on the 5-day tours offered by the Tourist Agency.<\/p><p>1.2 Bookings are only possible for other travel agents who have registered with and been approved by the Tourism Agency.<\/p><p style=\"text-align: center;\"><strong>2 Booking procedure:<\/strong><\/p><p>2.1 The travel agency interested in participating in the tour undertakes to complete the booking form available on the website of the Tourist Agency.<\/p><p>2.2 In the booking form, you must provide all the necessary information, including contact details, number of people, accommodation preferences, etc.<\/p><p>2.3 Once the form has been submitted, the travel agent will receive a confirmation of the booking to the e-mail address provided.<\/p><p style=\"text-align: center;\"><strong>3 Payments:<\/strong><\/p><p>3.1 Once the booking has been confirmed, the travel agent undertakes to make a prepayment by the agreed deadline and in accordance with the information contained in the booking confirmation.<\/p><p>3.2 If payment is not made on time, the Tourist Agency reserves the right to cancel the booking.<\/p><p style=\"text-align: center;\"><strong>4 Cancellation and Refund Policy:<\/strong><\/p><p>4.1 The travel bureau may cancel a reservation at no additional cost up to a certain date stated in the booking confirmation.<\/p><p>4.2 In the event of cancellation after the specified deadline, the Tourist Agency may charge a cancellation fee in accordance with the agreed rates.<\/p><p>4.3 In the event of cancellation due to unforeseen circumstances such as force majeure, the Tourist Agency reserves the right to amend the cancellation conditions.<\/p><p style=\"text-align: center;\"><strong>5 Changes to the Excursion Programme:<\/strong><\/p><p>5.1 The Tourist Agency reserves the right to make changes to the tour programme due to circumstances beyond its control.<\/p><p>5.2 The travel agent will be informed of any changes to the programme as soon as possible.<\/p><p style=\"text-align: center;\"><strong>6 Accountability:<\/strong><\/p><p>6.1 The Tourist Agency is not responsible for damage or loss of property of tour participants.<\/p><p>6.2 The travel agent undertakes to comply with all regulations and rules of the places visited during the tour.<\/p><p style=\"text-align: center;\"><strong>7 Final Provisions:<\/strong><\/p><p>7.1 These regulations shall enter into force upon publication on the website of the Tourist Agency.<\/p><p>7.2 The Tourism Agency reserves the right to amend the regulations at any time by informing travel agents by e-mail.<\/p><p>7.3 In the event of disputes, the parties undertake to resolve them by negotiation. In the event of disagreement, disputes will be settled by the competent courts.<\/p><p>Please read the terms and conditions carefully before making a booking.<\/p>\t\t\t\t\t<\/div>\n\t\t\t\t\t\t<\/div>\n\t\t\t\t<\/div>\n\t\t\t\t\t\t<\/div>\n\t\t\t\t\t<\/div>\n\t\t<\/div>\n\t\t\t\t\t\t\t\t<\/div>\n\t\t\t\t\t<\/div>\n\t\t<\/section>\n\t\t\t\t\t\t<\/div>\n\t\t\t\t\t<\/div>\n\t\t<\/div>\n\t\t\t\t\t\t\t\t<\/div>\n\t\t\t\t\t<\/div>\n\t\t<\/section>\n\t\t\t\t\t\t\t\t\t<\/div>\n\t\t\t<\/div>\n\t\t\t\t\t<\/div>","protected":false},"excerpt":{"rendered":"<p>Tour Booking Regulations for Travel Agencies 1. General provisions: 1.1 These regulations set out the rules for booking places on 5-day tours offered by the Travel Agency. 1.2 Bookings are only possible for other travel agents who have registered and been approved by the Tourism Agency. 2 Booking Procedure: 2.1 The travel agency interested in participating in the tour undertakes to complete the booking form [...].<\/p>","protected":false},"author":1,"featured_media":0,"parent":0,"menu_order":0,"comment_status":"closed","ping_status":"closed","template":"","meta":{"_monsterinsights_skip_tracking":false,"_monsterinsights_sitenote_active":false,"_monsterinsights_sitenote_note":"","_monsterinsights_sitenote_category":0,"footnotes":""},"class_list":["post-1993","page","type-page","status-publish","hentry"],"yoast_head":"<!-- This site is optimized with the Yoast SEO plugin v21.4 - https:\/\/yoast.com\/wordpress\/plugins\/seo\/ -->\n<title>Regulamin - My Blog<\/title>\n<meta name=\"robots\" content=\"index, follow, max-snippet:-1, max-image-preview:large, max-video-preview:-1\" \/>\n<link rel=\"canonical\" href=\"https:\/\/musictravels.pl\/en\/regulations\/\" \/>\n<meta property=\"og:locale\" content=\"en_GB\" \/>\n<meta property=\"og:type\" content=\"article\" \/>\n<meta property=\"og:title\" content=\"Regulamin - My Blog\" \/>\n<meta property=\"og:description\" content=\"Regulamin Rezerwacji Wycieczek dla Biur Podr\u00f3\u017cy 1. Postanowienia og\u00f3lne: 1.1 Niniejszy regulamin okre\u015bla zasady rezerwacji miejsc w 5-dniowych wycieczkach oferowanych przez Agencj\u0119 Turystyczn\u0105. 1.2 Rezerwacje s\u0105 mo\u017cliwe wy\u0142\u0105cznie dla innych biur podr\u00f3\u017cy, kt\u00f3re zarejestrowa\u0142y si\u0119 i uzyska\u0142y akceptacj\u0119 Agencji Turystycznej. 2. Procedura Rezerwacji: 2.1 Biuro podr\u00f3\u017cy zainteresowane uczestnictwem w wycieczce zobowi\u0105zuje si\u0119 wype\u0142ni\u0107 formularz rezerwacyjny [&hellip;]\" \/>\n<meta property=\"og:url\" content=\"https:\/\/musictravels.pl\/en\/regulations\/\" \/>\n<meta property=\"og:site_name\" content=\"My Blog\" \/>\n<meta property=\"article:modified_time\" content=\"2023-12-26T20:16:21+00:00\" \/>\n<meta name=\"twitter:card\" content=\"summary_large_image\" \/>\n<meta name=\"twitter:label1\" content=\"Estimated reading time\" \/>\n\t<meta name=\"twitter:data1\" content=\"3 minutes\" \/>\n<script type=\"application\/ld+json\" class=\"yoast-schema-graph\">{\"@context\":\"https:\/\/schema.org\",\"@graph\":[{\"@type\":\"WebPage\",\"@id\":\"https:\/\/musictravels.pl\/regulamin\/\",\"url\":\"https:\/\/musictravels.pl\/regulamin\/\",\"name\":\"Regulamin - My Blog\",\"isPartOf\":{\"@id\":\"https:\/\/musictravels.pl\/#website\"},\"datePublished\":\"2023-12-23T06:29:16+00:00\",\"dateModified\":\"2023-12-26T20:16:21+00:00\",\"breadcrumb\":{\"@id\":\"https:\/\/musictravels.pl\/regulamin\/#breadcrumb\"},\"inLanguage\":\"en-GB\",\"potentialAction\":[{\"@type\":\"ReadAction\",\"target\":[\"https:\/\/musictravels.pl\/regulamin\/\"]}]},{\"@type\":\"BreadcrumbList\",\"@id\":\"https:\/\/musictravels.pl\/regulamin\/#breadcrumb\",\"itemListElement\":[{\"@type\":\"ListItem\",\"position\":1,\"name\":\"Strona g\u0142\u00f3wna\",\"item\":\"https:\/\/musictravels.pl\/\"},{\"@type\":\"ListItem\",\"position\":2,\"name\":\"Regulamin\"}]},{\"@type\":\"WebSite\",\"@id\":\"https:\/\/musictravels.pl\/#website\",\"url\":\"https:\/\/musictravels.pl\/\",\"name\":\"My Blog\",\"description\":\"My WordPress Blog\",\"potentialAction\":[{\"@type\":\"SearchAction\",\"target\":{\"@type\":\"EntryPoint\",\"urlTemplate\":\"https:\/\/musictravels.pl\/?s={search_term_string}\"},\"query-input\":\"required name=search_term_string\"}],\"inLanguage\":\"en-GB\"}]}<\/script>\n<!-- \/ Yoast SEO plugin. -->","yoast_head_json":{"title":"Regulamin - My Blog","robots":{"index":"index","follow":"follow","max-snippet":"max-snippet:-1","max-image-preview":"max-image-preview:large","max-video-preview":"max-video-preview:-1"},"canonical":"https:\/\/musictravels.pl\/en\/regulations\/","og_locale":"en_GB","og_type":"article","og_title":"Regulamin - My Blog","og_description":"Regulamin Rezerwacji Wycieczek dla Biur Podr\u00f3\u017cy 1. Postanowienia og\u00f3lne: 1.1 Niniejszy regulamin okre\u015bla zasady rezerwacji miejsc w 5-dniowych wycieczkach oferowanych przez Agencj\u0119 Turystyczn\u0105. 1.2 Rezerwacje s\u0105 mo\u017cliwe wy\u0142\u0105cznie dla innych biur podr\u00f3\u017cy, kt\u00f3re zarejestrowa\u0142y si\u0119 i uzyska\u0142y akceptacj\u0119 Agencji Turystycznej. 2. Procedura Rezerwacji: 2.1 Biuro podr\u00f3\u017cy zainteresowane uczestnictwem w wycieczce zobowi\u0105zuje si\u0119 wype\u0142ni\u0107 formularz rezerwacyjny [&hellip;]","og_url":"https:\/\/musictravels.pl\/en\/regulations\/","og_site_name":"My Blog","article_modified_time":"2023-12-26T20:16:21+00:00","twitter_card":"summary_large_image","twitter_misc":{"Estimated reading time":"3 minutes"},"schema":{"@context":"https:\/\/schema.org","@graph":[{"@type":"WebPage","@id":"https:\/\/musictravels.pl\/regulamin\/","url":"https:\/\/musictravels.pl\/regulamin\/","name":"Regulamin - My Blog","isPartOf":{"@id":"https:\/\/musictravels.pl\/#website"},"datePublished":"2023-12-23T06:29:16+00:00","dateModified":"2023-12-26T20:16:21+00:00","breadcrumb":{"@id":"https:\/\/musictravels.pl\/regulamin\/#breadcrumb"},"inLanguage":"en-GB","potentialAction":[{"@type":"ReadAction","target":["https:\/\/musictravels.pl\/regulamin\/"]}]},{"@type":"BreadcrumbList","@id":"https:\/\/musictravels.pl\/regulamin\/#breadcrumb","itemListElement":[{"@type":"ListItem","position":1,"name":"Strona g\u0142\u00f3wna","item":"https:\/\/musictravels.pl\/"},{"@type":"ListItem","position":2,"name":"Regulamin"}]},{"@type":"WebSite","@id":"https:\/\/musictravels.pl\/#website","url":"https:\/\/musictravels.pl\/","name":"My Blog","description":"My WordPress Blog","potentialAction":[{"@type":"SearchAction","target":{"@type":"EntryPoint","urlTemplate":"https:\/\/musictravels.pl\/?s={search_term_string}"},"query-input":"required name=search_term_string"}],"inLanguage":"en-GB"}]}},"_links":{"self":[{"href":"https:\/\/musictravels.pl\/en\/wp-json\/wp\/v2\/pages\/1993","targetHints":{"allow":["GET"]}}],"collection":[{"href":"https:\/\/musictravels.pl\/en\/wp-json\/wp\/v2\/pages"}],"about":[{"href":"https:\/\/musictravels.pl\/en\/wp-json\/wp\/v2\/types\/page"}],"author":[{"embeddable":true,"href":"https:\/\/musictravels.pl\/en\/wp-json\/wp\/v2\/users\/1"}],"replies":[{"embeddable":true,"href":"https:\/\/musictravels.pl\/en\/wp-json\/wp\/v2\/comments?post=1993"}],"version-history":[{"count":13,"href":"https:\/\/musictravels.pl\/en\/wp-json\/wp\/v2\/pages\/1993\/revisions"}],"predecessor-version":[{"id":2391,"href":"https:\/\/musictravels.pl\/en\/wp-json\/wp\/v2\/pages\/1993\/revisions\/2391"}],"wp:attachment":[{"href":"https:\/\/musictravels.pl\/en\/wp-json\/wp\/v2\/media?parent=1993"}],"curies":[{"name":"wp","href":"https:\/\/api.w.org\/{rel}","templated":true}]}}