{"id":1449,"date":"2023-12-05T08:12:31","date_gmt":"2023-12-05T08:12:31","guid":{"rendered":"https:\/\/musictravels.pl\/?page_id=1449"},"modified":"2023-12-25T13:07:36","modified_gmt":"2023-12-25T13:07:36","slug":"palac-wojanow","status":"publish","type":"page","link":"https:\/\/musictravels.pl\/en\/palac-wojanow\/","title":{"rendered":"Wojan\u00f3w Palace"},"content":{"rendered":"<div data-elementor-type=\"wp-page\" data-elementor-id=\"1449\" class=\"elementor elementor-1449\">\n\t\t\t\t\t\t<div class=\"elementor-inner\">\n\t\t\t\t<div class=\"elementor-section-wrap\">\n\t\t\t\t\t\t\t\t\t<section class=\"elementor-section elementor-top-section elementor-element elementor-element-027b947 elementor-section-full_width elementor-section-height-default elementor-section-height-default row-top\" data-id=\"027b947\" data-element_type=\"section\">\n\t\t\t\t\t\t<div class=\"elementor-container elementor-column-gap-default\">\n\t\t\t\t\t\t\t<div class=\"elementor-row\">\n\t\t\t\t\t<div class=\"elementor-column elementor-col-100 elementor-top-column elementor-element elementor-element-d0bf791\" data-id=\"d0bf791\" data-element_type=\"column\">\n\t\t\t<div class=\"elementor-column-wrap elementor-element-populated\">\n\t\t\t\t\t\t\t<div class=\"elementor-widget-wrap\">\n\t\t\t\t\t\t<section class=\"elementor-section elementor-inner-section elementor-element elementor-element-01bc3a9 elementor-section-boxed elementor-section-height-default elementor-section-height-default row-top\" data-id=\"01bc3a9\" data-element_type=\"section\">\n\t\t\t\t\t\t<div class=\"elementor-container elementor-column-gap-default\">\n\t\t\t\t\t\t\t<div class=\"elementor-row\">\n\t\t\t\t\t<div class=\"elementor-column elementor-col-100 elementor-inner-column elementor-element elementor-element-639c088\" data-id=\"639c088\" data-element_type=\"column\">\n\t\t\t<div class=\"elementor-column-wrap elementor-element-populated\">\n\t\t\t\t\t\t\t<div class=\"elementor-widget-wrap\">\n\t\t\t\t\t\t<div class=\"elementor-element elementor-element-7938ee5 elementor-widget elementor-widget-gva-heading-block\" data-id=\"7938ee5\" data-element_type=\"widget\" data-widget_type=\"gva-heading-block.default\">\n\t\t\t\t<div class=\"elementor-widget-container\">\n\t\t\t<div class=\"gva-element-gva-heading-block gva-element\">   <div class=\"align-center style-1 widget gsc-heading box-align-center auto-responsive\">\r\n      <div class=\"content-inner\">\r\n         \r\n                  \r\n                     <div class=\"sub-title\"><span>Sites<\/span><\/div>\r\n           \r\n         \r\n                     <h2 class=\"title\">\r\n               <span>Wojan\u00f3w Palace<\/span>\r\n            <\/h2>\r\n                  \r\n         \r\n      <\/div>\r\n   <\/div>\r\n<\/div>\t\t<\/div>\n\t\t\t\t<\/div>\n\t\t\t\t\t\t<\/div>\n\t\t\t\t\t<\/div>\n\t\t<\/div>\n\t\t\t\t\t\t\t\t<\/div>\n\t\t\t\t\t<\/div>\n\t\t<\/section>\n\t\t\t\t<div class=\"elementor-element elementor-element-b92a5d5 elementor-widget elementor-widget-video\" data-id=\"b92a5d5\" data-element_type=\"widget\" data-settings=\"{&quot;video_type&quot;:&quot;hosted&quot;,&quot;autoplay&quot;:&quot;yes&quot;,&quot;play_on_mobile&quot;:&quot;yes&quot;,&quot;controls&quot;:&quot;yes&quot;}\" data-widget_type=\"video.default\">\n\t\t\t\t<div class=\"elementor-widget-container\">\n\t\t\t<style>\/*! elementor - v3.16.0 - 17-10-2023 *\/\n.elementor-widget-video .elementor-widget-container{overflow:hidden;transform:translateZ(0)}.elementor-widget-video .elementor-wrapper{aspect-ratio:var(--video-aspect-ratio)}.elementor-widget-video .elementor-wrapper iframe,.elementor-widget-video .elementor-wrapper video{height:100%;width:100%;display:flex;border:none;background-color:#000}@supports not (aspect-ratio:1\/1){.elementor-widget-video .elementor-wrapper{position:relative;overflow:hidden;height:0;padding-bottom:calc(100% \/ var(--video-aspect-ratio))}.elementor-widget-video .elementor-wrapper iframe,.elementor-widget-video .elementor-wrapper video{position:absolute;top:0;right:0;bottom:0;left:0}}.elementor-widget-video .elementor-open-inline .elementor-custom-embed-image-overlay{position:absolute;top:0;right:0;bottom:0;left:0;background-size:cover;background-position:50%}.elementor-widget-video .elementor-custom-embed-image-overlay{cursor:pointer;text-align:center}.elementor-widget-video .elementor-custom-embed-image-overlay:hover .elementor-custom-embed-play i{opacity:1}.elementor-widget-video .elementor-custom-embed-image-overlay img{display:block;width:100%;aspect-ratio:var(--video-aspect-ratio);-o-object-fit:cover;object-fit:cover;-o-object-position:center center;object-position:center center}@supports not (aspect-ratio:1\/1){.elementor-widget-video .elementor-custom-embed-image-overlay{position:relative;overflow:hidden;height:0;padding-bottom:calc(100% \/ var(--video-aspect-ratio))}.elementor-widget-video .elementor-custom-embed-image-overlay img{position:absolute;top:0;right:0;bottom:0;left:0}}.elementor-widget-video .e-hosted-video .elementor-video{-o-object-fit:cover;object-fit:cover}.e-con-inner>.elementor-widget-video,.e-con>.elementor-widget-video{width:var(--container-widget-width);--flex-grow:var(--container-widget-flex-grow)}<\/style>\t\t<div class=\"e-hosted-video elementor-wrapper elementor-open-inline\">\n\t\t\t\t\t<video class=\"elementor-video\" src=\"https:\/\/musictravels.pl\/wp-content\/uploads\/2023\/12\/Wojanow.mp4\" autoplay=\"\" controls=\"\" playsinline=\"\" controlslist=\"nodownload\"><\/video>\n\t\t\t\t<\/div>\n\t\t\t\t<\/div>\n\t\t\t\t<\/div>\n\t\t\t\t\t\t<\/div>\n\t\t\t\t\t<\/div>\n\t\t<\/div>\n\t\t\t\t\t\t\t\t<\/div>\n\t\t\t\t\t<\/div>\n\t\t<\/section>\n\t\t\t\t<section class=\"elementor-section elementor-top-section elementor-element elementor-element-cfe9709 elementor-section-boxed elementor-section-height-default elementor-section-height-default row-top\" data-id=\"cfe9709\" data-element_type=\"section\">\n\t\t\t\t\t\t<div class=\"elementor-container elementor-column-gap-default\">\n\t\t\t\t\t\t\t<div class=\"elementor-row\">\n\t\t\t\t\t<div class=\"elementor-column elementor-col-100 elementor-top-column elementor-element elementor-element-b600727\" data-id=\"b600727\" data-element_type=\"column\">\n\t\t\t<div class=\"elementor-column-wrap elementor-element-populated\">\n\t\t\t\t\t\t\t<div class=\"elementor-widget-wrap\">\n\t\t\t\t\t\t<div class=\"elementor-element elementor-element-3ce9dddb elementor-widget elementor-widget-gva-heading-block\" data-id=\"3ce9dddb\" data-element_type=\"widget\" data-widget_type=\"gva-heading-block.default\">\n\t\t\t\t<div class=\"elementor-widget-container\">\n\t\t\t<div class=\"gva-element-gva-heading-block gva-element\">   <div class=\"align-left style-1 widget gsc-heading box-align-center auto-responsive\">\r\n      <div class=\"content-inner\">\r\n         \r\n                  \r\n           \r\n         \r\n                     <h2 class=\"title\">\r\n               <span>Wojan\u00f3w Palace<\/span>\r\n            <\/h2>\r\n                              <div class=\"title-desc\">Wojan\u00f3w Palace is a beautiful park and palace complex, located on the B\u00f3br River in the small village of Wojan\u00f3w in Lower Silesia, about 10 km from Jelenia G\u00f3ra. The building is distinguished by its fairy-tale appearance as well as its scale - together with the neighbouring buildings and park, it covers an area of 16 hectares. The palace currently serves as a conference and hotel facility. The hotel base has over 180 beds including suites, premium rooms and standard rooms. The palace has two restaurants with 200 and 50 seats. At the larger of the restaurants, there is a well-stocked buffet and a dance floor with good music. In addition, there is a caf\u00e9, a wine bar, a spa with a charming large swimming pool, a jacuzzi, massage rooms and a multi-purpose fitness room, as well as outdoor tennis courts. Two concert halls with 200 and 50 seats are available for a wide range of cultural activities.<\/div>\r\n         \r\n         \r\n      <\/div>\r\n   <\/div>\r\n<\/div>\t\t<\/div>\n\t\t\t\t<\/div>\n\t\t\t\t<div class=\"elementor-element elementor-element-d16ddd7 elementor-widget elementor-widget-gva-heading-block\" data-id=\"d16ddd7\" data-element_type=\"widget\" data-widget_type=\"gva-heading-block.default\">\n\t\t\t\t<div class=\"elementor-widget-container\">\n\t\t\t<div class=\"gva-element-gva-heading-block gva-element\">   <div class=\"align-left style-1 widget gsc-heading box-align-center auto-responsive\">\r\n      <div class=\"content-inner\">\r\n         \r\n                  \r\n           \r\n         \r\n                     <h2 class=\"title\">\r\n               <span>History<\/span>\r\n            <\/h2>\r\n                              <div class=\"title-desc\">The first mention of the Wojan\u00f3w estate dates back to 1281, when the land was owned by Eberhard von Schildau. The first palace was erected here in 1607. It was initiated by Nikolaus von Zedlitz und Nimmersatt, but the residence was completely destroyed during the Swedish Deluge. The palace - in its Baroque form, which can now only be admired in its interiors - was built by Christoph von Zedlitz in 1667. \n<br><br>\nIn 1754, Wojanow was acquired by the merchant Daniel von Buchs, who had the palace rebuilt in the Baroque style. The Wojan\u00f3w estate was acquired in 1817 by Karl Sigismund von Rothkirch, followed by Karl Albrecht Ike, who modernised the palace and established a landscape park between 1832 and 1833. The building was rebuilt in the spirit of neo-Gothic classicism. The project was designed by an architect from the circle of Karl Friedrich Schinkel.<br><br>From the 18th century onwards, the estate changed owners several times. In the first half of the 19th century, the exterior of the estate was rebuilt in neo-Gothic fashion thanks to the idea of the next owner, Karl Albrecht Ike. He also established a large landscape park.<br><br>\nIn 1839, Princess Louise of the Netherlands received the Wojan\u00f3w Palace as a gift from her father, King Frederick William III of Prussia. It was then decided to rebuild the palace, adapting the residence to its new function. In the 1830s and 1840s, the park was transformed according to plans by Peter Joseph Lenne.  The palace remained in the hands of the royal family until 1908, when the last heiress, Maria zu Wied, sold the estate.<br><br>\nAfter World War II, the residence became the property of the state. Since 2004, the palace has been privately owned, and renovation work carried out between 2005 and 2007 restored it to its former glory.<\/div>\r\n         \r\n         \r\n      <\/div>\r\n   <\/div>\r\n<\/div>\t\t<\/div>\n\t\t\t\t<\/div>\n\t\t\t\t\t\t<\/div>\n\t\t\t\t\t<\/div>\n\t\t<\/div>\n\t\t\t\t\t\t\t\t<\/div>\n\t\t\t\t\t<\/div>\n\t\t<\/section>\n\t\t\t\t\t\t\t\t\t<\/div>\n\t\t\t<\/div>\n\t\t\t\t\t<\/div>","protected":false},"excerpt":{"rendered":"<p>Places The Wojan\u00f3w Palace https:\/\/musictravels.pl\/wp-content\/uploads\/2023\/12\/Wojanow.mp4 The Wojan\u00f3w Palace is a beautiful park and palace complex, located on the B\u00f3br River, in a small village of Wojan\u00f3w in Lower Silesia, about 10 km from Jelenia G\u00f3ra. The building is distinguished by its fairy-tale appearance as well as its scale - together with the neighbouring buildings and park, it covers an area of 16 hectares. At present, the palace serves as a conference and hotel facility. The hotel base [...]<\/p>","protected":false},"author":1,"featured_media":0,"parent":0,"menu_order":0,"comment_status":"closed","ping_status":"closed","template":"","meta":{"_monsterinsights_skip_tracking":false,"_monsterinsights_sitenote_active":false,"_monsterinsights_sitenote_note":"","_monsterinsights_sitenote_category":0,"footnotes":""},"class_list":["post-1449","page","type-page","status-publish","hentry"],"yoast_head":"<!-- This site is optimized with the Yoast SEO plugin v21.4 - https:\/\/yoast.com\/wordpress\/plugins\/seo\/ -->\n<title>Pa\u0142ac Wojan\u00f3w - MusicTravels<\/title>\n<meta name=\"robots\" content=\"index, follow, max-snippet:-1, max-image-preview:large, max-video-preview:-1\" \/>\n<link rel=\"canonical\" href=\"https:\/\/musictravels.pl\/en\/palac-wojanow\/\" \/>\n<meta property=\"og:locale\" content=\"en_GB\" \/>\n<meta property=\"og:type\" content=\"article\" \/>\n<meta property=\"og:title\" content=\"Pa\u0142ac Wojan\u00f3w - MusicTravels\" \/>\n<meta property=\"og:description\" content=\"Miejsca Pa\u0142ac Wojan\u00f3w https:\/\/musictravels.pl\/wp-content\/uploads\/2023\/12\/Wojanow.mp4 Pa\u0142ac Wojan\u00f3w Pa\u0142ac Wojan\u00f3w to przepi\u0119kny kompleks parkowo-pa\u0142acowy, po\u0142o\u017cony nad rzek\u0105 B\u00f3br, w niewielkiej wsi Wojan\u00f3w na Dolnym \u015al\u0105sku, ok. 10 km od Jeleniej G\u00f3ry. Obiekt wyr\u00f3\u017cnia si\u0119 bajkowym wygl\u0105dem, a tak\u017ce swoj\u0105 skal\u0105 \u2013 wraz s\u0105siaduj\u0105cymi budynkami i parkiem, zajmuje powierzchni\u0119 16 hektar\u00f3w. Obecnie pa\u0142ac pe\u0142ni funkcj\u0119 konferencyjno-hotelow\u0105. Baza hotelowa [&hellip;]\" \/>\n<meta property=\"og:url\" content=\"https:\/\/musictravels.pl\/en\/palac-wojanow\/\" \/>\n<meta property=\"og:site_name\" content=\"My Blog\" \/>\n<meta property=\"article:modified_time\" content=\"2023-12-25T13:07:36+00:00\" \/>\n<meta name=\"twitter:card\" content=\"summary_large_image\" \/>\n<meta name=\"twitter:label1\" content=\"Estimated reading time\" \/>\n\t<meta name=\"twitter:data1\" content=\"3 minutes\" \/>\n<script type=\"application\/ld+json\" class=\"yoast-schema-graph\">{\"@context\":\"https:\/\/schema.org\",\"@graph\":[{\"@type\":\"WebPage\",\"@id\":\"https:\/\/musictravels.pl\/palac-wojanow\/\",\"url\":\"https:\/\/musictravels.pl\/palac-wojanow\/\",\"name\":\"Pa\u0142ac Wojan\u00f3w - MusicTravels\",\"isPartOf\":{\"@id\":\"https:\/\/musictravels.pl\/#website\"},\"datePublished\":\"2023-12-05T08:12:31+00:00\",\"dateModified\":\"2023-12-25T13:07:36+00:00\",\"breadcrumb\":{\"@id\":\"https:\/\/musictravels.pl\/palac-wojanow\/#breadcrumb\"},\"inLanguage\":\"en-GB\",\"potentialAction\":[{\"@type\":\"ReadAction\",\"target\":[\"https:\/\/musictravels.pl\/palac-wojanow\/\"]}]},{\"@type\":\"BreadcrumbList\",\"@id\":\"https:\/\/musictravels.pl\/palac-wojanow\/#breadcrumb\",\"itemListElement\":[{\"@type\":\"ListItem\",\"position\":1,\"name\":\"Strona g\u0142\u00f3wna\",\"item\":\"https:\/\/musictravels.pl\/\"},{\"@type\":\"ListItem\",\"position\":2,\"name\":\"Pa\u0142ac Wojan\u00f3w\"}]},{\"@type\":\"WebSite\",\"@id\":\"https:\/\/musictravels.pl\/#website\",\"url\":\"https:\/\/musictravels.pl\/\",\"name\":\"My Blog\",\"description\":\"My WordPress Blog\",\"potentialAction\":[{\"@type\":\"SearchAction\",\"target\":{\"@type\":\"EntryPoint\",\"urlTemplate\":\"https:\/\/musictravels.pl\/?s={search_term_string}\"},\"query-input\":\"required name=search_term_string\"}],\"inLanguage\":\"en-GB\"}]}<\/script>\n<!-- \/ Yoast SEO plugin. -->","yoast_head_json":{"title":"Pa\u0142ac Wojan\u00f3w - MusicTravels","robots":{"index":"index","follow":"follow","max-snippet":"max-snippet:-1","max-image-preview":"max-image-preview:large","max-video-preview":"max-video-preview:-1"},"canonical":"https:\/\/musictravels.pl\/en\/palac-wojanow\/","og_locale":"en_GB","og_type":"article","og_title":"Pa\u0142ac Wojan\u00f3w - MusicTravels","og_description":"Miejsca Pa\u0142ac Wojan\u00f3w https:\/\/musictravels.pl\/wp-content\/uploads\/2023\/12\/Wojanow.mp4 Pa\u0142ac Wojan\u00f3w Pa\u0142ac Wojan\u00f3w to przepi\u0119kny kompleks parkowo-pa\u0142acowy, po\u0142o\u017cony nad rzek\u0105 B\u00f3br, w niewielkiej wsi Wojan\u00f3w na Dolnym \u015al\u0105sku, ok. 10 km od Jeleniej G\u00f3ry. Obiekt wyr\u00f3\u017cnia si\u0119 bajkowym wygl\u0105dem, a tak\u017ce swoj\u0105 skal\u0105 \u2013 wraz s\u0105siaduj\u0105cymi budynkami i parkiem, zajmuje powierzchni\u0119 16 hektar\u00f3w. Obecnie pa\u0142ac pe\u0142ni funkcj\u0119 konferencyjno-hotelow\u0105. Baza hotelowa [&hellip;]","og_url":"https:\/\/musictravels.pl\/en\/palac-wojanow\/","og_site_name":"My Blog","article_modified_time":"2023-12-25T13:07:36+00:00","twitter_card":"summary_large_image","twitter_misc":{"Estimated reading time":"3 minutes"},"schema":{"@context":"https:\/\/schema.org","@graph":[{"@type":"WebPage","@id":"https:\/\/musictravels.pl\/palac-wojanow\/","url":"https:\/\/musictravels.pl\/palac-wojanow\/","name":"Pa\u0142ac Wojan\u00f3w - MusicTravels","isPartOf":{"@id":"https:\/\/musictravels.pl\/#website"},"datePublished":"2023-12-05T08:12:31+00:00","dateModified":"2023-12-25T13:07:36+00:00","breadcrumb":{"@id":"https:\/\/musictravels.pl\/palac-wojanow\/#breadcrumb"},"inLanguage":"en-GB","potentialAction":[{"@type":"ReadAction","target":["https:\/\/musictravels.pl\/palac-wojanow\/"]}]},{"@type":"BreadcrumbList","@id":"https:\/\/musictravels.pl\/palac-wojanow\/#breadcrumb","itemListElement":[{"@type":"ListItem","position":1,"name":"Strona g\u0142\u00f3wna","item":"https:\/\/musictravels.pl\/"},{"@type":"ListItem","position":2,"name":"Pa\u0142ac Wojan\u00f3w"}]},{"@type":"WebSite","@id":"https:\/\/musictravels.pl\/#website","url":"https:\/\/musictravels.pl\/","name":"My Blog","description":"My WordPress Blog","potentialAction":[{"@type":"SearchAction","target":{"@type":"EntryPoint","urlTemplate":"https:\/\/musictravels.pl\/?s={search_term_string}"},"query-input":"required name=search_term_string"}],"inLanguage":"en-GB"}]}},"_links":{"self":[{"href":"https:\/\/musictravels.pl\/en\/wp-json\/wp\/v2\/pages\/1449","targetHints":{"allow":["GET"]}}],"collection":[{"href":"https:\/\/musictravels.pl\/en\/wp-json\/wp\/v2\/pages"}],"about":[{"href":"https:\/\/musictravels.pl\/en\/wp-json\/wp\/v2\/types\/page"}],"author":[{"embeddable":true,"href":"https:\/\/musictravels.pl\/en\/wp-json\/wp\/v2\/users\/1"}],"replies":[{"embeddable":true,"href":"https:\/\/musictravels.pl\/en\/wp-json\/wp\/v2\/comments?post=1449"}],"version-history":[{"count":44,"href":"https:\/\/musictravels.pl\/en\/wp-json\/wp\/v2\/pages\/1449\/revisions"}],"predecessor-version":[{"id":2370,"href":"https:\/\/musictravels.pl\/en\/wp-json\/wp\/v2\/pages\/1449\/revisions\/2370"}],"wp:attachment":[{"href":"https:\/\/musictravels.pl\/en\/wp-json\/wp\/v2\/media?parent=1449"}],"curies":[{"name":"wp","href":"https:\/\/api.w.org\/{rel}","templated":true}]}}