{"id":532,"date":"2021-03-18T08:26:43","date_gmt":"2021-03-18T08:26:43","guid":{"rendered":"https:\/\/gaviaspreview.com\/wp\/tevily\/?post_type=product&amp;p=532"},"modified":"2021-03-18T08:26:43","modified_gmt":"2021-03-18T08:26:43","slug":"thick-strap-square-neck-top-hem","status":"publish","type":"product","link":"https:\/\/musictravels.pl\/de\/product\/dickes-gurtband-quadrathals-top-saum\/","title":{"rendered":"Dicker Riemen Quadratischer Halsausschnitt Top Saum"},"content":{"rendered":"<h5>Sed do eiusmod tempor reprehenderit ut labore<\/h5>\n<p>Proin est elentesque risus magna vulputate vitae sodales uam morbi non sem lacus porta mollis. Nunc condime ntum metus eud In molestie sed consect etu Lorem ipsum dolor sit amet conse adipisicing elit sed do incididunt ut labore et dolore magna. Duis aute irure dolor in reprehenderit in voluptate velit esse cillum dolore eu fugiat nulla pariatur.<\/p>\n<div class=\"row\">\n<div class=\"col-xs-12 col-sm-6\">\n<h5>Warum ein Produkt w\u00e4hlen?<\/h5>\n<ul>\n<li>Erzeugt durch Baumwollfasern mit weicher und glatter<\/li>\n<li>Einfach, konfigurierbar (z.B. Gr\u00f6\u00dfe, Farbe, etc.), geb\u00fcndelt<\/li>\n<li>Herunterladbare\/digitale Produkte, virtuelle Produkte<\/li>\n<\/ul>\n<\/div>\n<div class=\"col-xs-12 col-sm-6\">\n<h5>Warum ein Produkt w\u00e4hlen?<\/h5>\n<ol>\n<li>Filialspezifische Abschreibungss\u00e4tze im Handumdrehen erstellen<\/li>\n<li>Einfach, konfigurierbar (z.B. Gr\u00f6\u00dfe, Farbe, etc.), geb\u00fcndelt<\/li>\n<li>Herunterladbare\/digitale Produkte, virtuelle Produkte<\/li>\n<\/ol>\n<\/div>\n<\/div>","protected":false},"excerpt":{"rendered":"<p>Excepteur sint occaecat cupidatat non proident sunt in culpa qui deserunt mollit anim id est laborum. Sed ut perspiciatis unde omnis iste natus error sit voluptatem accusantium doloremque laudantium, totam rem aperiam inventore.<\/p>","protected":false},"featured_media":522,"comment_status":"open","ping_status":"closed","template":"","meta":{"_monsterinsights_skip_tracking":false,"_monsterinsights_sitenote_active":false,"_monsterinsights_sitenote_note":"","_monsterinsights_sitenote_category":0},"product_cat":[69],"product_tag":[49,52],"class_list":["post-532","product","type-product","status-publish","has-post-thumbnail","hentry","product_cat-life-style","product_tag-classic","product_tag-decor"],"yoast_head":"<!-- This site is optimized with the Yoast SEO plugin v21.4 - https:\/\/yoast.com\/wordpress\/plugins\/seo\/ -->\n<title>Thick Strap Square Neck Top Hem - My Blog<\/title>\n<meta name=\"robots\" content=\"index, follow, max-snippet:-1, max-image-preview:large, max-video-preview:-1\" \/>\n<link rel=\"canonical\" href=\"https:\/\/musictravels.pl\/de\/product\/dickes-gurtband-quadrathals-top-saum\/\" \/>\n<meta property=\"og:locale\" content=\"de_DE\" \/>\n<meta property=\"og:type\" content=\"article\" \/>\n<meta property=\"og:title\" content=\"Thick Strap Square Neck Top Hem - My Blog\" \/>\n<meta property=\"og:description\" content=\"Excepteur sint occaecat cupidatat non proident sunt in culpa qui deserunt mollit anim id est laborum. Sed ut perspiciatis unde omnis iste natus error sit voluptatem accusantium doloremque laudantium, totam rem aperiam inventore.\" \/>\n<meta property=\"og:url\" content=\"https:\/\/musictravels.pl\/de\/product\/dickes-gurtband-quadrathals-top-saum\/\" \/>\n<meta property=\"og:site_name\" content=\"My Blog\" \/>\n<meta property=\"og:image\" content=\"https:\/\/musictravels.pl\/wp-content\/uploads\/2021\/03\/product-4.jpg\" \/>\n\t<meta property=\"og:image:width\" content=\"800\" \/>\n\t<meta property=\"og:image:height\" content=\"880\" \/>\n\t<meta property=\"og:image:type\" content=\"image\/jpeg\" \/>\n<meta name=\"twitter:card\" content=\"summary_large_image\" \/>\n<meta name=\"twitter:label1\" content=\"Gesch\u00e4tzte Lesezeit\" \/>\n\t<meta name=\"twitter:data1\" content=\"1\u00a0Minute\" \/>\n<script type=\"application\/ld+json\" class=\"yoast-schema-graph\">{\"@context\":\"https:\/\/schema.org\",\"@graph\":[{\"@type\":\"WebPage\",\"@id\":\"https:\/\/musictravels.pl\/product\/thick-strap-square-neck-top-hem\/\",\"url\":\"https:\/\/musictravels.pl\/product\/thick-strap-square-neck-top-hem\/\",\"name\":\"Thick Strap Square Neck Top Hem - My Blog\",\"isPartOf\":{\"@id\":\"https:\/\/musictravels.pl\/#website\"},\"datePublished\":\"2021-03-18T08:26:43+00:00\",\"dateModified\":\"2021-03-18T08:26:43+00:00\",\"breadcrumb\":{\"@id\":\"https:\/\/musictravels.pl\/product\/thick-strap-square-neck-top-hem\/#breadcrumb\"},\"inLanguage\":\"de\",\"potentialAction\":[{\"@type\":\"ReadAction\",\"target\":[\"https:\/\/musictravels.pl\/product\/thick-strap-square-neck-top-hem\/\"]}]},{\"@type\":\"BreadcrumbList\",\"@id\":\"https:\/\/musictravels.pl\/product\/thick-strap-square-neck-top-hem\/#breadcrumb\",\"itemListElement\":[{\"@type\":\"ListItem\",\"position\":1,\"name\":\"Strona g\u0142\u00f3wna\",\"item\":\"https:\/\/musictravels.pl\/\"},{\"@type\":\"ListItem\",\"position\":2,\"name\":\"Produkty\",\"item\":\"https:\/\/musictravels.pl\/shop\/\"},{\"@type\":\"ListItem\",\"position\":3,\"name\":\"Thick Strap Square Neck Top Hem\"}]},{\"@type\":\"WebSite\",\"@id\":\"https:\/\/musictravels.pl\/#website\",\"url\":\"https:\/\/musictravels.pl\/\",\"name\":\"My Blog\",\"description\":\"My WordPress Blog\",\"potentialAction\":[{\"@type\":\"SearchAction\",\"target\":{\"@type\":\"EntryPoint\",\"urlTemplate\":\"https:\/\/musictravels.pl\/?s={search_term_string}\"},\"query-input\":\"required name=search_term_string\"}],\"inLanguage\":\"de\"}]}<\/script>\n<!-- \/ Yoast SEO plugin. -->","yoast_head_json":{"title":"Thick Strap Square Neck Top Hem - My Blog","robots":{"index":"index","follow":"follow","max-snippet":"max-snippet:-1","max-image-preview":"max-image-preview:large","max-video-preview":"max-video-preview:-1"},"canonical":"https:\/\/musictravels.pl\/de\/product\/dickes-gurtband-quadrathals-top-saum\/","og_locale":"de_DE","og_type":"article","og_title":"Thick Strap Square Neck Top Hem - My Blog","og_description":"Excepteur sint occaecat cupidatat non proident sunt in culpa qui deserunt mollit anim id est laborum. Sed ut perspiciatis unde omnis iste natus error sit voluptatem accusantium doloremque laudantium, totam rem aperiam inventore.","og_url":"https:\/\/musictravels.pl\/de\/product\/dickes-gurtband-quadrathals-top-saum\/","og_site_name":"My Blog","og_image":[{"width":800,"height":880,"url":"https:\/\/musictravels.pl\/wp-content\/uploads\/2021\/03\/product-4.jpg","type":"image\/jpeg"}],"twitter_card":"summary_large_image","twitter_misc":{"Gesch\u00e4tzte Lesezeit":"1\u00a0Minute"},"schema":{"@context":"https:\/\/schema.org","@graph":[{"@type":"WebPage","@id":"https:\/\/musictravels.pl\/product\/thick-strap-square-neck-top-hem\/","url":"https:\/\/musictravels.pl\/product\/thick-strap-square-neck-top-hem\/","name":"Thick Strap Square Neck Top Hem - My Blog","isPartOf":{"@id":"https:\/\/musictravels.pl\/#website"},"datePublished":"2021-03-18T08:26:43+00:00","dateModified":"2021-03-18T08:26:43+00:00","breadcrumb":{"@id":"https:\/\/musictravels.pl\/product\/thick-strap-square-neck-top-hem\/#breadcrumb"},"inLanguage":"de","potentialAction":[{"@type":"ReadAction","target":["https:\/\/musictravels.pl\/product\/thick-strap-square-neck-top-hem\/"]}]},{"@type":"BreadcrumbList","@id":"https:\/\/musictravels.pl\/product\/thick-strap-square-neck-top-hem\/#breadcrumb","itemListElement":[{"@type":"ListItem","position":1,"name":"Strona g\u0142\u00f3wna","item":"https:\/\/musictravels.pl\/"},{"@type":"ListItem","position":2,"name":"Produkty","item":"https:\/\/musictravels.pl\/shop\/"},{"@type":"ListItem","position":3,"name":"Thick Strap Square Neck Top Hem"}]},{"@type":"WebSite","@id":"https:\/\/musictravels.pl\/#website","url":"https:\/\/musictravels.pl\/","name":"My Blog","description":"My WordPress Blog","potentialAction":[{"@type":"SearchAction","target":{"@type":"EntryPoint","urlTemplate":"https:\/\/musictravels.pl\/?s={search_term_string}"},"query-input":"required name=search_term_string"}],"inLanguage":"de"}]}},"_links":{"self":[{"href":"https:\/\/musictravels.pl\/de\/wp-json\/wp\/v2\/product\/532","targetHints":{"allow":["GET"]}}],"collection":[{"href":"https:\/\/musictravels.pl\/de\/wp-json\/wp\/v2\/product"}],"about":[{"href":"https:\/\/musictravels.pl\/de\/wp-json\/wp\/v2\/types\/product"}],"replies":[{"embeddable":true,"href":"https:\/\/musictravels.pl\/de\/wp-json\/wp\/v2\/comments?post=532"}],"wp:featuredmedia":[{"embeddable":true,"href":"https:\/\/musictravels.pl\/de\/wp-json\/wp\/v2\/media\/522"}],"wp:attachment":[{"href":"https:\/\/musictravels.pl\/de\/wp-json\/wp\/v2\/media?parent=532"}],"wp:term":[{"taxonomy":"product_cat","embeddable":true,"href":"https:\/\/musictravels.pl\/de\/wp-json\/wp\/v2\/product_cat?post=532"},{"taxonomy":"product_tag","embeddable":true,"href":"https:\/\/musictravels.pl\/de\/wp-json\/wp\/v2\/product_tag?post=532"}],"curies":[{"name":"wp","href":"https:\/\/api.w.org\/{rel}","templated":true}]}}