{"id":2026,"date":"2023-12-23T13:55:50","date_gmt":"2023-12-23T13:55:50","guid":{"rendered":"https:\/\/musictravels.pl\/?page_id=2026"},"modified":"2024-01-02T11:34:29","modified_gmt":"2024-01-02T11:34:29","slug":"koncerty","status":"publish","type":"page","link":"https:\/\/musictravels.pl\/de\/konzerte\/","title":{"rendered":"Konzerte"},"content":{"rendered":"<div data-elementor-type=\"wp-page\" data-elementor-id=\"2026\" class=\"elementor elementor-2026\">\n\t\t\t\t\t\t<div class=\"elementor-inner\">\n\t\t\t\t<div class=\"elementor-section-wrap\">\n\t\t\t\t\t\t\t\t\t<section class=\"elementor-section elementor-top-section elementor-element elementor-element-027b947 elementor-section-full_width elementor-section-height-default elementor-section-height-default row-top\" data-id=\"027b947\" data-element_type=\"section\">\n\t\t\t\t\t\t<div class=\"elementor-container elementor-column-gap-default\">\n\t\t\t\t\t\t\t<div class=\"elementor-row\">\n\t\t\t\t\t<div class=\"elementor-column elementor-col-100 elementor-top-column elementor-element elementor-element-d0bf791\" data-id=\"d0bf791\" data-element_type=\"column\">\n\t\t\t<div class=\"elementor-column-wrap elementor-element-populated\">\n\t\t\t\t\t\t\t<div class=\"elementor-widget-wrap\">\n\t\t\t\t\t\t<section class=\"elementor-section elementor-inner-section elementor-element elementor-element-01bc3a9 elementor-section-boxed elementor-section-height-default elementor-section-height-default row-top\" data-id=\"01bc3a9\" data-element_type=\"section\">\n\t\t\t\t\t\t<div class=\"elementor-container elementor-column-gap-default\">\n\t\t\t\t\t\t\t<div class=\"elementor-row\">\n\t\t\t\t\t<div class=\"elementor-column elementor-col-100 elementor-inner-column elementor-element elementor-element-639c088\" data-id=\"639c088\" data-element_type=\"column\">\n\t\t\t<div class=\"elementor-column-wrap elementor-element-populated\">\n\t\t\t\t\t\t\t<div class=\"elementor-widget-wrap\">\n\t\t\t\t\t\t<div class=\"elementor-element elementor-element-7938ee5 elementor-widget elementor-widget-gva-heading-block\" data-id=\"7938ee5\" data-element_type=\"widget\" data-widget_type=\"gva-heading-block.default\">\n\t\t\t\t<div class=\"elementor-widget-container\">\n\t\t\t<div class=\"gva-element-gva-heading-block gva-element\">   <div class=\"align-center style-1 widget gsc-heading box-align-center auto-responsive\">\r\n      <div class=\"content-inner\">\r\n         \r\n                  \r\n                     <div class=\"sub-title\"><span>Romantische Fahrten<\/span><\/div>\r\n           \r\n         \r\n                     <h2 class=\"title\">\r\n               <span>Konzerte<\/span>\r\n            <\/h2>\r\n                  \r\n         \r\n      <\/div>\r\n   <\/div>\r\n<\/div>\t\t<\/div>\n\t\t\t\t<\/div>\n\t\t\t\t\t\t<\/div>\n\t\t\t\t\t<\/div>\n\t\t<\/div>\n\t\t\t\t\t\t\t\t<\/div>\n\t\t\t\t\t<\/div>\n\t\t<\/section>\n\t\t\t\t<div class=\"elementor-element elementor-element-b92a5d5 elementor-widget elementor-widget-video\" data-id=\"b92a5d5\" data-element_type=\"widget\" data-settings=\"{&quot;video_type&quot;:&quot;hosted&quot;,&quot;autoplay&quot;:&quot;yes&quot;,&quot;play_on_mobile&quot;:&quot;yes&quot;,&quot;controls&quot;:&quot;yes&quot;}\" data-widget_type=\"video.default\">\n\t\t\t\t<div class=\"elementor-widget-container\">\n\t\t\t<style>\/*! elementor - v3.16.0 - 17-10-2023 *\/\n.elementor-widget-video .elementor-widget-container{overflow:hidden;transform:translateZ(0)}.elementor-widget-video .elementor-wrapper{aspect-ratio:var(--video-aspect-ratio)}.elementor-widget-video .elementor-wrapper iframe,.elementor-widget-video .elementor-wrapper video{height:100%;width:100%;display:flex;border:none;background-color:#000}@supports not (aspect-ratio:1\/1){.elementor-widget-video .elementor-wrapper{position:relative;overflow:hidden;height:0;padding-bottom:calc(100% \/ var(--video-aspect-ratio))}.elementor-widget-video .elementor-wrapper iframe,.elementor-widget-video .elementor-wrapper video{position:absolute;top:0;right:0;bottom:0;left:0}}.elementor-widget-video .elementor-open-inline .elementor-custom-embed-image-overlay{position:absolute;top:0;right:0;bottom:0;left:0;background-size:cover;background-position:50%}.elementor-widget-video .elementor-custom-embed-image-overlay{cursor:pointer;text-align:center}.elementor-widget-video .elementor-custom-embed-image-overlay:hover .elementor-custom-embed-play i{opacity:1}.elementor-widget-video .elementor-custom-embed-image-overlay img{display:block;width:100%;aspect-ratio:var(--video-aspect-ratio);-o-object-fit:cover;object-fit:cover;-o-object-position:center center;object-position:center center}@supports not (aspect-ratio:1\/1){.elementor-widget-video .elementor-custom-embed-image-overlay{position:relative;overflow:hidden;height:0;padding-bottom:calc(100% \/ var(--video-aspect-ratio))}.elementor-widget-video .elementor-custom-embed-image-overlay img{position:absolute;top:0;right:0;bottom:0;left:0}}.elementor-widget-video .e-hosted-video .elementor-video{-o-object-fit:cover;object-fit:cover}.e-con-inner>.elementor-widget-video,.e-con>.elementor-widget-video{width:var(--container-widget-width);--flex-grow:var(--container-widget-flex-grow)}<\/style>\t\t<div class=\"e-hosted-video elementor-wrapper elementor-open-inline\">\n\t\t\t\t\t<video class=\"elementor-video\" src=\"https:\/\/musictravels.pl\/wp-content\/uploads\/2024\/01\/Koncert.mp4\" autoplay=\"\" controls=\"\" playsinline=\"\" controlslist=\"nodownload\"><\/video>\n\t\t\t\t<\/div>\n\t\t\t\t<\/div>\n\t\t\t\t<\/div>\n\t\t\t\t\t\t<\/div>\n\t\t\t\t\t<\/div>\n\t\t<\/div>\n\t\t\t\t\t\t\t\t<\/div>\n\t\t\t\t\t<\/div>\n\t\t<\/section>\n\t\t\t\t<section class=\"elementor-section elementor-top-section elementor-element elementor-element-cfe9709 elementor-section-boxed elementor-section-height-default elementor-section-height-default row-top\" data-id=\"cfe9709\" data-element_type=\"section\">\n\t\t\t\t\t\t<div class=\"elementor-container elementor-column-gap-default\">\n\t\t\t\t\t\t\t<div class=\"elementor-row\">\n\t\t\t\t\t<div class=\"elementor-column elementor-col-100 elementor-top-column elementor-element elementor-element-b600727\" data-id=\"b600727\" data-element_type=\"column\">\n\t\t\t<div class=\"elementor-column-wrap elementor-element-populated\">\n\t\t\t\t\t\t\t<div class=\"elementor-widget-wrap\">\n\t\t\t\t\t\t<div class=\"elementor-element elementor-element-3ce9dddb elementor-widget elementor-widget-gva-heading-block\" data-id=\"3ce9dddb\" data-element_type=\"widget\" data-widget_type=\"gva-heading-block.default\">\n\t\t\t\t<div class=\"elementor-widget-container\">\n\t\t\t<div class=\"gva-element-gva-heading-block gva-element\">   <div class=\"align-left style-1 widget gsc-heading box-align-center auto-responsive\">\r\n      <div class=\"content-inner\">\r\n         \r\n                  \r\n           \r\n         \r\n                              <div class=\"title-desc\">Romantische Musik wird diese besondere Atmosph\u00e4re w\u00e4hrend Ihres Aufenthalts untermalen. Sie wird die G\u00e4ste jeden Tag in zwei Szenen exklusiv begleiten. <br>Das erste ist ein intimes Konzert, das zusammen mit regionalen Erfrischungen einen Moment der Entspannung bietet, unmittelbar nachdem man alle Attraktionen erlebt hat, die an jedem der drei Besichtigungsorte vorbereitet wurden.<br><br>Die n\u00e4chste Etappe ist bereits ein gr\u00f6\u00dferes Musikereignis im Konzertsaal des Schlosses Wojan\u00f3w, das die G\u00e4ste jeden Tag in eine angenehme Stimmung versetzt, bevor sie einen romantischen Abend mit Abendessen und Tanz verbringen.<br> <br>\nDie Konzerte werden vom Philharmonischen Orchester Jelenia G\u00f3ra zusammen mit eingeladenen Solisten aufgef\u00fchrt. Sie reichen von Klavierkonzerten bis zu Kammerkonzerten mit Solisten.<br> <br>\nDas originelle und k\u00fcnstlerisch vielseitige Repertoire, das speziell f\u00fcr diesen Anlass zusammengestellt wurde, wird die G\u00e4ste angenehm \u00fcberraschen und sie auf eine romantische musikalische Reise in unbekannte Ecken entf\u00fchren.\n<\/div>\r\n         \r\n         \r\n      <\/div>\r\n   <\/div>\r\n<\/div>\t\t<\/div>\n\t\t\t\t<\/div>\n\t\t\t\t\t\t<\/div>\n\t\t\t\t\t<\/div>\n\t\t<\/div>\n\t\t\t\t\t\t\t\t<\/div>\n\t\t\t\t\t<\/div>\n\t\t<\/section>\n\t\t\t\t\t\t\t\t\t<\/div>\n\t\t\t<\/div>\n\t\t\t\t\t<\/div>","protected":false},"excerpt":{"rendered":"<p>Romantyczne Podr\u00f3\u017ce Koncerty https:\/\/musictravels.pl\/wp-content\/uploads\/2024\/01\/Koncert.mp4 Romantyczna muzyka z pewno\u015bci\u0105 dope\u0142ni t\u0119 wyj\u0105tkow\u0105 atmosfer\u0119 podczas pobytu. Towarzyszy\u0107 ona b\u0119dzie wy\u0142\u0105cznie Go\u015bciom ka\u017cdego dnia w dw\u00f3ch ods\u0142onach. Pierwsza z nich to kameralny koncert daj\u0105cy \u0142\u0105cznie z regionalnym pocz\u0119stunkiem chwil\u0119 relaksu, bezpo\u015brednio po do\u015bwiadczeniu wszystkich atrakcji przygotowanych w miejscu ka\u017cdej z trzech wycieczek. Kolejna ods\u0142ona to ju\u017c wi\u0119ksze wydarzenie [&hellip;]<\/p>","protected":false},"author":1,"featured_media":0,"parent":0,"menu_order":0,"comment_status":"closed","ping_status":"closed","template":"","meta":{"_monsterinsights_skip_tracking":false,"_monsterinsights_sitenote_active":false,"_monsterinsights_sitenote_note":"","_monsterinsights_sitenote_category":0,"footnotes":""},"class_list":["post-2026","page","type-page","status-publish","hentry"],"yoast_head":"<!-- This site is optimized with the Yoast SEO plugin v21.4 - https:\/\/yoast.com\/wordpress\/plugins\/seo\/ -->\n<title>Koncerty - MusicTravels<\/title>\n<meta name=\"robots\" content=\"index, follow, max-snippet:-1, max-image-preview:large, max-video-preview:-1\" \/>\n<link rel=\"canonical\" href=\"https:\/\/musictravels.pl\/de\/konzerte\/\" \/>\n<meta property=\"og:locale\" content=\"de_DE\" \/>\n<meta property=\"og:type\" content=\"article\" \/>\n<meta property=\"og:title\" content=\"Koncerty - MusicTravels\" \/>\n<meta property=\"og:description\" content=\"Romantyczne Podr\u00f3\u017ce Koncerty https:\/\/musictravels.pl\/wp-content\/uploads\/2024\/01\/Koncert.mp4 Romantyczna muzyka z pewno\u015bci\u0105 dope\u0142ni t\u0119 wyj\u0105tkow\u0105 atmosfer\u0119 podczas pobytu. Towarzyszy\u0107 ona b\u0119dzie wy\u0142\u0105cznie Go\u015bciom ka\u017cdego dnia w dw\u00f3ch ods\u0142onach. Pierwsza z nich to kameralny koncert daj\u0105cy \u0142\u0105cznie z regionalnym pocz\u0119stunkiem chwil\u0119 relaksu, bezpo\u015brednio po do\u015bwiadczeniu wszystkich atrakcji przygotowanych w miejscu ka\u017cdej z trzech wycieczek. Kolejna ods\u0142ona to ju\u017c wi\u0119ksze wydarzenie [&hellip;]\" \/>\n<meta property=\"og:url\" content=\"https:\/\/musictravels.pl\/de\/konzerte\/\" \/>\n<meta property=\"og:site_name\" content=\"My Blog\" \/>\n<meta property=\"article:modified_time\" content=\"2024-01-02T11:34:29+00:00\" \/>\n<meta name=\"twitter:card\" content=\"summary_large_image\" \/>\n<meta name=\"twitter:label1\" content=\"Gesch\u00e4tzte Lesezeit\" \/>\n\t<meta name=\"twitter:data1\" content=\"1\u00a0Minute\" \/>\n<script type=\"application\/ld+json\" class=\"yoast-schema-graph\">{\"@context\":\"https:\/\/schema.org\",\"@graph\":[{\"@type\":\"WebPage\",\"@id\":\"https:\/\/musictravels.pl\/koncerty\/\",\"url\":\"https:\/\/musictravels.pl\/koncerty\/\",\"name\":\"Koncerty - MusicTravels\",\"isPartOf\":{\"@id\":\"https:\/\/musictravels.pl\/#website\"},\"datePublished\":\"2023-12-23T13:55:50+00:00\",\"dateModified\":\"2024-01-02T11:34:29+00:00\",\"breadcrumb\":{\"@id\":\"https:\/\/musictravels.pl\/koncerty\/#breadcrumb\"},\"inLanguage\":\"de\",\"potentialAction\":[{\"@type\":\"ReadAction\",\"target\":[\"https:\/\/musictravels.pl\/koncerty\/\"]}]},{\"@type\":\"BreadcrumbList\",\"@id\":\"https:\/\/musictravels.pl\/koncerty\/#breadcrumb\",\"itemListElement\":[{\"@type\":\"ListItem\",\"position\":1,\"name\":\"Strona g\u0142\u00f3wna\",\"item\":\"https:\/\/musictravels.pl\/\"},{\"@type\":\"ListItem\",\"position\":2,\"name\":\"Koncerty\"}]},{\"@type\":\"WebSite\",\"@id\":\"https:\/\/musictravels.pl\/#website\",\"url\":\"https:\/\/musictravels.pl\/\",\"name\":\"My Blog\",\"description\":\"My WordPress Blog\",\"potentialAction\":[{\"@type\":\"SearchAction\",\"target\":{\"@type\":\"EntryPoint\",\"urlTemplate\":\"https:\/\/musictravels.pl\/?s={search_term_string}\"},\"query-input\":\"required name=search_term_string\"}],\"inLanguage\":\"de\"}]}<\/script>\n<!-- \/ Yoast SEO plugin. -->","yoast_head_json":{"title":"Koncerty - MusicTravels","robots":{"index":"index","follow":"follow","max-snippet":"max-snippet:-1","max-image-preview":"max-image-preview:large","max-video-preview":"max-video-preview:-1"},"canonical":"https:\/\/musictravels.pl\/de\/konzerte\/","og_locale":"de_DE","og_type":"article","og_title":"Koncerty - MusicTravels","og_description":"Romantyczne Podr\u00f3\u017ce Koncerty https:\/\/musictravels.pl\/wp-content\/uploads\/2024\/01\/Koncert.mp4 Romantyczna muzyka z pewno\u015bci\u0105 dope\u0142ni t\u0119 wyj\u0105tkow\u0105 atmosfer\u0119 podczas pobytu. Towarzyszy\u0107 ona b\u0119dzie wy\u0142\u0105cznie Go\u015bciom ka\u017cdego dnia w dw\u00f3ch ods\u0142onach. Pierwsza z nich to kameralny koncert daj\u0105cy \u0142\u0105cznie z regionalnym pocz\u0119stunkiem chwil\u0119 relaksu, bezpo\u015brednio po do\u015bwiadczeniu wszystkich atrakcji przygotowanych w miejscu ka\u017cdej z trzech wycieczek. Kolejna ods\u0142ona to ju\u017c wi\u0119ksze wydarzenie [&hellip;]","og_url":"https:\/\/musictravels.pl\/de\/konzerte\/","og_site_name":"My Blog","article_modified_time":"2024-01-02T11:34:29+00:00","twitter_card":"summary_large_image","twitter_misc":{"Gesch\u00e4tzte Lesezeit":"1\u00a0Minute"},"schema":{"@context":"https:\/\/schema.org","@graph":[{"@type":"WebPage","@id":"https:\/\/musictravels.pl\/koncerty\/","url":"https:\/\/musictravels.pl\/koncerty\/","name":"Koncerty - MusicTravels","isPartOf":{"@id":"https:\/\/musictravels.pl\/#website"},"datePublished":"2023-12-23T13:55:50+00:00","dateModified":"2024-01-02T11:34:29+00:00","breadcrumb":{"@id":"https:\/\/musictravels.pl\/koncerty\/#breadcrumb"},"inLanguage":"de","potentialAction":[{"@type":"ReadAction","target":["https:\/\/musictravels.pl\/koncerty\/"]}]},{"@type":"BreadcrumbList","@id":"https:\/\/musictravels.pl\/koncerty\/#breadcrumb","itemListElement":[{"@type":"ListItem","position":1,"name":"Strona g\u0142\u00f3wna","item":"https:\/\/musictravels.pl\/"},{"@type":"ListItem","position":2,"name":"Koncerty"}]},{"@type":"WebSite","@id":"https:\/\/musictravels.pl\/#website","url":"https:\/\/musictravels.pl\/","name":"My Blog","description":"My WordPress Blog","potentialAction":[{"@type":"SearchAction","target":{"@type":"EntryPoint","urlTemplate":"https:\/\/musictravels.pl\/?s={search_term_string}"},"query-input":"required name=search_term_string"}],"inLanguage":"de"}]}},"_links":{"self":[{"href":"https:\/\/musictravels.pl\/de\/wp-json\/wp\/v2\/pages\/2026","targetHints":{"allow":["GET"]}}],"collection":[{"href":"https:\/\/musictravels.pl\/de\/wp-json\/wp\/v2\/pages"}],"about":[{"href":"https:\/\/musictravels.pl\/de\/wp-json\/wp\/v2\/types\/page"}],"author":[{"embeddable":true,"href":"https:\/\/musictravels.pl\/de\/wp-json\/wp\/v2\/users\/1"}],"replies":[{"embeddable":true,"href":"https:\/\/musictravels.pl\/de\/wp-json\/wp\/v2\/comments?post=2026"}],"version-history":[{"count":41,"href":"https:\/\/musictravels.pl\/de\/wp-json\/wp\/v2\/pages\/2026\/revisions"}],"predecessor-version":[{"id":2518,"href":"https:\/\/musictravels.pl\/de\/wp-json\/wp\/v2\/pages\/2026\/revisions\/2518"}],"wp:attachment":[{"href":"https:\/\/musictravels.pl\/de\/wp-json\/wp\/v2\/media?parent=2026"}],"curies":[{"name":"wp","href":"https:\/\/api.w.org\/{rel}","templated":true}]}}