{"id":531,"date":"2021-03-18T08:26:03","date_gmt":"2021-03-18T08:26:03","guid":{"rendered":"https:\/\/gaviaspreview.com\/wp\/tevily\/?post_type=product&amp;p=531"},"modified":"2021-03-18T08:26:03","modified_gmt":"2021-03-18T08:26:03","slug":"block-ruffle-hem-plaid-print-color","status":"publish","type":"product","link":"https:\/\/musictravels.pl\/cs\/product\/blok-ruffle-hem-plaid-print-color\/","title":{"rendered":"Blok Vol\u00e1nov\u00fd lem Kostkovan\u00fd tisk Barva"},"content":{"rendered":"<h5>Sed do eiusmod tempor reprehenderit ut labore<\/h5>\n<p>Proin est elentesque risus magna vulputate vitae sodales uam morbi non sem lacus porta mollis. Nunc condime ntum metus eud In molestie sed consect etu Lorem ipsum dolor sit amet conse adipisicing elit sed do incididunt ut labore et dolore magna. Duis aute irure dolor in reprehenderit in voluptate velit esse cillum dolore eu fugiat nulla pariatur.<\/p>\n<div class=\"row\">\n<div class=\"col-xs-12 col-sm-6\">\n<h5>Pro\u010d si vybrat produkt?<\/h5>\n<ul>\n<li>Vytvo\u0159eno z bavln\u011bn\u00fdch vl\u00e1ken s m\u011bkk\u00fdm a hladk\u00fdm povrchem.<\/li>\n<li>Jednoduch\u00e9, konfigurovateln\u00e9 (nap\u0159. velikost, barva atd.), v bal\u00ed\u010dku<\/li>\n<li>Virtu\u00e1ln\u00ed produkty, produkty ke sta\u017een\u00ed\/digit\u00e1ln\u00ed produkty<\/li>\n<\/ul>\n<\/div>\n<div class=\"col-xs-12 col-sm-6\">\n<h5>Pro\u010d si vybrat produkt?<\/h5>\n<ol>\n<li>Vytv\u00e1\u0159en\u00ed atribut\u016f pro jednotliv\u00e9 sklady za b\u011bhu<\/li>\n<li>Jednoduch\u00e9, konfigurovateln\u00e9 (nap\u0159. velikost, barva atd.), v bal\u00ed\u010dku<\/li>\n<li>Virtu\u00e1ln\u00ed produkty, produkty ke sta\u017een\u00ed\/digit\u00e1ln\u00ed produkty<\/li>\n<\/ol>\n<\/div>\n<\/div>","protected":false},"excerpt":{"rendered":"<p>Excepteur sint occaecat cupidatat non proident sunt in culpa qui deserunt mollit anim id est laborum. Sed ut perspiciatis unde omnis iste natus error sit voluptatem accusantium doloremque laudantium, totam rem aperiam inventore.<\/p>","protected":false},"featured_media":521,"comment_status":"open","ping_status":"closed","template":"","meta":{"_monsterinsights_skip_tracking":false,"_monsterinsights_sitenote_active":false,"_monsterinsights_sitenote_note":"","_monsterinsights_sitenote_category":0},"product_cat":[46],"product_tag":[62,67],"class_list":["post-531","product","type-product","status-publish","has-post-thumbnail","hentry","product_cat-business","product_tag-hub","product_tag-kitchen"],"yoast_head":"<!-- This site is optimized with the Yoast SEO plugin v21.4 - https:\/\/yoast.com\/wordpress\/plugins\/seo\/ -->\n<title>Block Ruffle Hem Plaid Print Color - My Blog<\/title>\n<meta name=\"robots\" content=\"index, follow, max-snippet:-1, max-image-preview:large, max-video-preview:-1\" \/>\n<link rel=\"canonical\" href=\"https:\/\/musictravels.pl\/cs\/product\/blok-ruffle-hem-plaid-print-color\/\" \/>\n<meta property=\"og:locale\" content=\"cs_CZ\" \/>\n<meta property=\"og:type\" content=\"article\" \/>\n<meta property=\"og:title\" content=\"Block Ruffle Hem Plaid Print Color - My Blog\" \/>\n<meta property=\"og:description\" content=\"Excepteur sint occaecat cupidatat non proident sunt in culpa qui deserunt mollit anim id est laborum. Sed ut perspiciatis unde omnis iste natus error sit voluptatem accusantium doloremque laudantium, totam rem aperiam inventore.\" \/>\n<meta property=\"og:url\" content=\"https:\/\/musictravels.pl\/cs\/product\/blok-ruffle-hem-plaid-print-color\/\" \/>\n<meta property=\"og:site_name\" content=\"My Blog\" \/>\n<meta property=\"og:image\" content=\"https:\/\/musictravels.pl\/wp-content\/uploads\/2021\/03\/product-3.jpg\" \/>\n\t<meta property=\"og:image:width\" content=\"800\" \/>\n\t<meta property=\"og:image:height\" content=\"880\" \/>\n\t<meta property=\"og:image:type\" content=\"image\/jpeg\" \/>\n<meta name=\"twitter:card\" content=\"summary_large_image\" \/>\n<meta name=\"twitter:label1\" content=\"Odhadovan\u00e1 doba \u010dten\u00ed\" \/>\n\t<meta name=\"twitter:data1\" content=\"1 minuta\" \/>\n<script type=\"application\/ld+json\" class=\"yoast-schema-graph\">{\"@context\":\"https:\/\/schema.org\",\"@graph\":[{\"@type\":\"WebPage\",\"@id\":\"https:\/\/musictravels.pl\/product\/block-ruffle-hem-plaid-print-color\/\",\"url\":\"https:\/\/musictravels.pl\/product\/block-ruffle-hem-plaid-print-color\/\",\"name\":\"Block Ruffle Hem Plaid Print Color - My Blog\",\"isPartOf\":{\"@id\":\"https:\/\/musictravels.pl\/#website\"},\"datePublished\":\"2021-03-18T08:26:03+00:00\",\"dateModified\":\"2021-03-18T08:26:03+00:00\",\"breadcrumb\":{\"@id\":\"https:\/\/musictravels.pl\/product\/block-ruffle-hem-plaid-print-color\/#breadcrumb\"},\"inLanguage\":\"cs\",\"potentialAction\":[{\"@type\":\"ReadAction\",\"target\":[\"https:\/\/musictravels.pl\/product\/block-ruffle-hem-plaid-print-color\/\"]}]},{\"@type\":\"BreadcrumbList\",\"@id\":\"https:\/\/musictravels.pl\/product\/block-ruffle-hem-plaid-print-color\/#breadcrumb\",\"itemListElement\":[{\"@type\":\"ListItem\",\"position\":1,\"name\":\"Strona g\u0142\u00f3wna\",\"item\":\"https:\/\/musictravels.pl\/\"},{\"@type\":\"ListItem\",\"position\":2,\"name\":\"Produkty\",\"item\":\"https:\/\/musictravels.pl\/shop\/\"},{\"@type\":\"ListItem\",\"position\":3,\"name\":\"Block Ruffle Hem Plaid Print Color\"}]},{\"@type\":\"WebSite\",\"@id\":\"https:\/\/musictravels.pl\/#website\",\"url\":\"https:\/\/musictravels.pl\/\",\"name\":\"My Blog\",\"description\":\"My WordPress Blog\",\"potentialAction\":[{\"@type\":\"SearchAction\",\"target\":{\"@type\":\"EntryPoint\",\"urlTemplate\":\"https:\/\/musictravels.pl\/?s={search_term_string}\"},\"query-input\":\"required name=search_term_string\"}],\"inLanguage\":\"cs\"}]}<\/script>\n<!-- \/ Yoast SEO plugin. -->","yoast_head_json":{"title":"Block Ruffle Hem Plaid Print Color - My Blog","robots":{"index":"index","follow":"follow","max-snippet":"max-snippet:-1","max-image-preview":"max-image-preview:large","max-video-preview":"max-video-preview:-1"},"canonical":"https:\/\/musictravels.pl\/cs\/product\/blok-ruffle-hem-plaid-print-color\/","og_locale":"cs_CZ","og_type":"article","og_title":"Block Ruffle Hem Plaid Print Color - My Blog","og_description":"Excepteur sint occaecat cupidatat non proident sunt in culpa qui deserunt mollit anim id est laborum. Sed ut perspiciatis unde omnis iste natus error sit voluptatem accusantium doloremque laudantium, totam rem aperiam inventore.","og_url":"https:\/\/musictravels.pl\/cs\/product\/blok-ruffle-hem-plaid-print-color\/","og_site_name":"My Blog","og_image":[{"width":800,"height":880,"url":"https:\/\/musictravels.pl\/wp-content\/uploads\/2021\/03\/product-3.jpg","type":"image\/jpeg"}],"twitter_card":"summary_large_image","twitter_misc":{"Odhadovan\u00e1 doba \u010dten\u00ed":"1 minuta"},"schema":{"@context":"https:\/\/schema.org","@graph":[{"@type":"WebPage","@id":"https:\/\/musictravels.pl\/product\/block-ruffle-hem-plaid-print-color\/","url":"https:\/\/musictravels.pl\/product\/block-ruffle-hem-plaid-print-color\/","name":"Block Ruffle Hem Plaid Print Color - My Blog","isPartOf":{"@id":"https:\/\/musictravels.pl\/#website"},"datePublished":"2021-03-18T08:26:03+00:00","dateModified":"2021-03-18T08:26:03+00:00","breadcrumb":{"@id":"https:\/\/musictravels.pl\/product\/block-ruffle-hem-plaid-print-color\/#breadcrumb"},"inLanguage":"cs","potentialAction":[{"@type":"ReadAction","target":["https:\/\/musictravels.pl\/product\/block-ruffle-hem-plaid-print-color\/"]}]},{"@type":"BreadcrumbList","@id":"https:\/\/musictravels.pl\/product\/block-ruffle-hem-plaid-print-color\/#breadcrumb","itemListElement":[{"@type":"ListItem","position":1,"name":"Strona g\u0142\u00f3wna","item":"https:\/\/musictravels.pl\/"},{"@type":"ListItem","position":2,"name":"Produkty","item":"https:\/\/musictravels.pl\/shop\/"},{"@type":"ListItem","position":3,"name":"Block Ruffle Hem Plaid Print Color"}]},{"@type":"WebSite","@id":"https:\/\/musictravels.pl\/#website","url":"https:\/\/musictravels.pl\/","name":"My Blog","description":"My WordPress Blog","potentialAction":[{"@type":"SearchAction","target":{"@type":"EntryPoint","urlTemplate":"https:\/\/musictravels.pl\/?s={search_term_string}"},"query-input":"required name=search_term_string"}],"inLanguage":"cs"}]}},"_links":{"self":[{"href":"https:\/\/musictravels.pl\/cs\/wp-json\/wp\/v2\/product\/531","targetHints":{"allow":["GET"]}}],"collection":[{"href":"https:\/\/musictravels.pl\/cs\/wp-json\/wp\/v2\/product"}],"about":[{"href":"https:\/\/musictravels.pl\/cs\/wp-json\/wp\/v2\/types\/product"}],"replies":[{"embeddable":true,"href":"https:\/\/musictravels.pl\/cs\/wp-json\/wp\/v2\/comments?post=531"}],"wp:featuredmedia":[{"embeddable":true,"href":"https:\/\/musictravels.pl\/cs\/wp-json\/wp\/v2\/media\/521"}],"wp:attachment":[{"href":"https:\/\/musictravels.pl\/cs\/wp-json\/wp\/v2\/media?parent=531"}],"wp:term":[{"taxonomy":"product_cat","embeddable":true,"href":"https:\/\/musictravels.pl\/cs\/wp-json\/wp\/v2\/product_cat?post=531"},{"taxonomy":"product_tag","embeddable":true,"href":"https:\/\/musictravels.pl\/cs\/wp-json\/wp\/v2\/product_tag?post=531"}],"curies":[{"name":"wp","href":"https:\/\/api.w.org\/{rel}","templated":true}]}}