{"id":2392,"date":"2023-12-26T20:51:48","date_gmt":"2023-12-26T20:51:48","guid":{"rendered":"https:\/\/musictravels.pl\/?page_id=2392"},"modified":"2024-01-07T16:05:11","modified_gmt":"2024-01-07T16:05:11","slug":"oferta-wspolpracy-music-travels","status":"publish","type":"page","link":"https:\/\/musictravels.pl\/cs\/offer-collaboration-music-travels\/","title":{"rendered":"Pro cestovn\u00ed kancel\u00e1\u0159e"},"content":{"rendered":"<div data-elementor-type=\"wp-page\" data-elementor-id=\"2392\" class=\"elementor elementor-2392\">\n\t\t\t\t\t\t<div class=\"elementor-inner\">\n\t\t\t\t<div class=\"elementor-section-wrap\">\n\t\t\t\t\t\t\t\t\t<section class=\"elementor-section elementor-top-section elementor-element elementor-element-027b947 elementor-section-full_width elementor-section-height-default elementor-section-height-default row-top\" data-id=\"027b947\" data-element_type=\"section\">\n\t\t\t\t\t\t<div class=\"elementor-container elementor-column-gap-default\">\n\t\t\t\t\t\t\t<div class=\"elementor-row\">\n\t\t\t\t\t<div class=\"elementor-column elementor-col-100 elementor-top-column elementor-element elementor-element-d0bf791\" data-id=\"d0bf791\" data-element_type=\"column\">\n\t\t\t<div class=\"elementor-column-wrap elementor-element-populated\">\n\t\t\t\t\t\t\t<div class=\"elementor-widget-wrap\">\n\t\t\t\t\t\t<section class=\"elementor-section elementor-inner-section elementor-element elementor-element-01bc3a9 elementor-section-boxed elementor-section-height-default elementor-section-height-default row-top\" data-id=\"01bc3a9\" data-element_type=\"section\">\n\t\t\t\t\t\t<div class=\"elementor-container elementor-column-gap-default\">\n\t\t\t\t\t\t\t<div class=\"elementor-row\">\n\t\t\t\t\t<div class=\"elementor-column elementor-col-100 elementor-inner-column elementor-element elementor-element-639c088\" data-id=\"639c088\" data-element_type=\"column\">\n\t\t\t<div class=\"elementor-column-wrap elementor-element-populated\">\n\t\t\t\t\t\t\t<div class=\"elementor-widget-wrap\">\n\t\t\t\t\t\t<div class=\"elementor-element elementor-element-7938ee5 elementor-widget elementor-widget-gva-heading-block\" data-id=\"7938ee5\" data-element_type=\"widget\" data-widget_type=\"gva-heading-block.default\">\n\t\t\t\t<div class=\"elementor-widget-container\">\n\t\t\t<div class=\"gva-element-gva-heading-block gva-element\">   <div class=\"align-center style-1 widget gsc-heading box-align-center auto-responsive\">\r\n      <div class=\"content-inner\">\r\n         \r\n                  \r\n                     <div class=\"sub-title\"><span>Cestov\u00e1n\u00ed za hudbou<\/span><\/div>\r\n           \r\n         \r\n                     <h2 class=\"title\">\r\n               <span>Nab\u00eddka pro cestovn\u00ed kancel\u00e1\u0159e<\/span>\r\n            <\/h2>\r\n                  \r\n         \r\n      <\/div>\r\n   <\/div>\r\n<\/div>\t\t<\/div>\n\t\t\t\t<\/div>\n\t\t\t\t\t\t<\/div>\n\t\t\t\t\t<\/div>\n\t\t<\/div>\n\t\t\t\t\t\t\t\t<\/div>\n\t\t\t\t\t<\/div>\n\t\t<\/section>\n\t\t\t\t\t\t<\/div>\n\t\t\t\t\t<\/div>\n\t\t<\/div>\n\t\t\t\t\t\t\t\t<\/div>\n\t\t\t\t\t<\/div>\n\t\t<\/section>\n\t\t\t\t<section class=\"elementor-section elementor-top-section elementor-element elementor-element-9b17c7d elementor-section-boxed elementor-section-height-default elementor-section-height-default row-top\" data-id=\"9b17c7d\" data-element_type=\"section\">\n\t\t\t\t\t\t<div class=\"elementor-container elementor-column-gap-default\">\n\t\t\t\t\t\t\t<div class=\"elementor-row\">\n\t\t\t\t\t<div class=\"elementor-column elementor-col-100 elementor-top-column elementor-element elementor-element-2224a28\" data-id=\"2224a28\" data-element_type=\"column\">\n\t\t\t<div class=\"elementor-column-wrap elementor-element-populated\">\n\t\t\t\t\t\t\t<div class=\"elementor-widget-wrap\">\n\t\t\t\t\t\t<div class=\"elementor-element elementor-element-97e6425 elementor-widget elementor-widget-text-editor\" data-id=\"97e6425\" data-element_type=\"widget\" data-widget_type=\"text-editor.default\">\n\t\t\t\t<div class=\"elementor-widget-container\">\n\t\t\t<style>\/*! elementor - v3.16.0 - 17-10-2023 *\/\n.elementor-widget-text-editor.elementor-drop-cap-view-stacked .elementor-drop-cap{background-color:#69727d;color:#fff}.elementor-widget-text-editor.elementor-drop-cap-view-framed .elementor-drop-cap{color:#69727d;border:3px solid;background-color:transparent}.elementor-widget-text-editor:not(.elementor-drop-cap-view-default) .elementor-drop-cap{margin-top:8px}.elementor-widget-text-editor:not(.elementor-drop-cap-view-default) .elementor-drop-cap-letter{width:1em;height:1em}.elementor-widget-text-editor .elementor-drop-cap{float:left;text-align:center;line-height:1;font-size:50px}.elementor-widget-text-editor .elementor-drop-cap-letter{display:inline-block}<\/style>\t\t\t\t\t<div class=\"elementor-text-editor elementor-clearfix\">\n\t\t\t\t<p><span style=\"font-weight: 400;\">R\u00e1di bychom v\u00e1s pozvali k nahl\u00e9dnut\u00ed do na\u0161\u00ed nab\u00eddky ur\u010den\u00e9 cestovn\u00edm kancel\u00e1\u0159\u00edm, kter\u00e9 se specializuj\u00ed na organizaci z\u00e1jezd\u016f do Polska s vlastn\u00ed dopravou. Nab\u00eddka vznikla v \u00fazk\u00e9 spolupr\u00e1ci s Pal\u00e1cem Wojan\u00f3w, Nadac\u00ed \u00dadol\u00ed pal\u00e1c\u016f a zahrad, Pansk\u00fdm dvorem a statkem v Bukowci, Karkonosk\u00fdm n\u00e1rodn\u00edm parkem, Dolnoslezskou filharmoni\u00ed a m\u011bstem Jelenia G\u00f3ra.<br \/><br \/>Projekt je podrobn\u011b pops\u00e1n a vyobrazen na na\u0161ich webov\u00fdch str\u00e1nk\u00e1ch. <strong><em>https:\/\/musictravels.pl<\/em><\/strong><br \/><br \/>V prvn\u00edm roce jsme p\u0159ipravili \u010dty\u0159i term\u00edny, kter\u00fdch m\u016f\u017ee b\u00fdt v n\u00e1sleduj\u00edc\u00edch letech nakonec v\u00edce, stejn\u011b jako v leto\u0161n\u00edm roce, pokud to bude nutn\u00e9.<\/span><\/p><p><span style=\"font-weight: 400;\">Nab\u00edz\u00edme: <\/span><span style=\"font-weight: 400;\"><br \/><\/span><span style=\"font-weight: 400;\">- Atraktivn\u00ed cestovn\u00ed bal\u00ed\u010dek p\u0159izp\u016fsoben\u00fd o\u010dek\u00e1v\u00e1n\u00edm klient\u016f se z\u00e1jmem o romantick\u00fd v\u00fdlet, kter\u00fd je uveden v sekci Term\u00edny a destinace,<\/span><\/p><p><span style=\"font-weight: 400;\">- speci\u00e1ln\u011b vybran\u00e9 menu s v\u00fdb\u011brem mo\u017enost\u00ed a p\u0159\u00edjemn\u00fdmi podm\u00ednkami pro v\u00e1\u0161 pobyt,<\/span><\/p><p><span style=\"font-weight: 400;\">- profesion\u00e1ln\u00ed pomoc pr\u016fvodc\u016f a hotelov\u00e9ho person\u00e1lu,<\/span><\/p><p><span style=\"font-weight: 400;\">- bal\u00ed\u010dek dopl\u0148kov\u00fdch slu\u017eeb p\u0159izp\u016fsoben\u00fd individu\u00e1ln\u00edm pot\u0159eb\u00e1m va\u0161ich host\u016f.<\/span><\/p><p><span style=\"font-weight: 400;\">Jsme p\u0159esv\u011bd\u010deni, \u017ee na\u0161e spolupr\u00e1ce bude oboustrann\u011b v\u00fdhodn\u00e1 a umo\u017en\u00ed va\u0161im z\u00e1kazn\u00edk\u016fm origin\u00e1ln\u00edm zp\u016fsobem objevovat kr\u00e1sy a historii \u00dadol\u00ed pal\u00e1c\u016f a zahrad a p\u0159ilehl\u00e9ho regionu.<\/span><\/p><p><span style=\"font-weight: 400;\">Pokud v\u00e1s na\u0161e nab\u00eddka zaujala, kontaktujte n\u00e1s na na\u0161\u00ed e-mailov\u00e9 adrese: <strong><em>info@musictravels.pl<\/em><\/strong> za \u00fa\u010delem stanoven\u00ed podm\u00ednek spolupr\u00e1ce a poskytnut\u00ed materi\u00e1l\u016f a informac\u00ed, kter\u00e9 pot\u0159ebujete k z\u00edsk\u00e1n\u00ed z\u00e1kazn\u00edk\u016f.<\/span><\/p><p><em><span style=\"font-weight: 400;\">S pozdravem,<\/span><\/em><span style=\"font-weight: 400;\"><br \/><\/span><em><span style=\"font-weight: 400;\">Wies\u0142aw Ma\u0142ucha - projektov\u00fd mana\u017eer<\/span><\/em><span style=\"font-weight: 400;\"><br \/><\/span><em><span style=\"font-weight: 400;\">Mi-Studio Wroc\u0142aw - partner<br \/>Nadace pro rozvoj kultury ve Vratislavi - zakladatel, \u010dlen spr\u00e1vn\u00ed rady<\/span><\/em><\/p>\t\t\t\t\t<\/div>\n\t\t\t\t\t\t<\/div>\n\t\t\t\t<\/div>\n\t\t\t\t\t\t<\/div>\n\t\t\t\t\t<\/div>\n\t\t<\/div>\n\t\t\t\t\t\t\t\t<\/div>\n\t\t\t\t\t<\/div>\n\t\t<\/section>\n\t\t\t\t\t\t\t\t\t<\/div>\n\t\t\t<\/div>\n\t\t\t\t\t<\/div>","protected":false},"excerpt":{"rendered":"<p>Nab\u00eddka Music Travels pro cestovn\u00ed kancel\u00e1\u0159e Zveme v\u00e1s k sezn\u00e1men\u00ed s na\u0161\u00ed nab\u00eddkou ur\u010denou cestovn\u00edm kancel\u00e1\u0159\u00edm, kter\u00e9 se specializuj\u00ed na po\u0159\u00e1d\u00e1n\u00ed z\u00e1jezd\u016f do Polska s vlastn\u00ed dopravou. Nab\u00eddka vznikla v \u00fazk\u00e9 spolupr\u00e1ci s Pal\u00e1cem Wojan\u00f3w, Nadac\u00ed \u00dadol\u00ed pal\u00e1c\u016f a zahrad, Dvorem a statkem v Bukowci, Karkonosk\u00fdm n\u00e1rodn\u00edm parkem, Dolnoslezskou filharmoni\u00ed a m\u011bstem Jelenia G\u00f3ra. Projekt je zam\u011b\u0159en na [...]<\/p>","protected":false},"author":1,"featured_media":0,"parent":0,"menu_order":0,"comment_status":"closed","ping_status":"closed","template":"","meta":{"_monsterinsights_skip_tracking":false,"_monsterinsights_sitenote_active":false,"_monsterinsights_sitenote_note":"","_monsterinsights_sitenote_category":0,"footnotes":""},"class_list":["post-2392","page","type-page","status-publish","hentry"],"yoast_head":"<!-- This site is optimized with the Yoast SEO plugin v21.4 - https:\/\/yoast.com\/wordpress\/plugins\/seo\/ -->\n<title>Oferta Wsp\u00f3\u0142pracy - MusicTravels<\/title>\n<meta name=\"robots\" content=\"index, follow, max-snippet:-1, max-image-preview:large, max-video-preview:-1\" \/>\n<link rel=\"canonical\" href=\"https:\/\/musictravels.pl\/cs\/offer-collaboration-music-travels\/\" \/>\n<meta property=\"og:locale\" content=\"cs_CZ\" \/>\n<meta property=\"og:type\" content=\"article\" \/>\n<meta property=\"og:title\" content=\"Oferta Wsp\u00f3\u0142pracy - MusicTravels\" \/>\n<meta property=\"og:description\" content=\"Music Travels Oferta dla Biur Podr\u00f3\u017cy Zapraszamy Pa\u0144stwa do zapoznania si\u0119 z ofert\u0105 adresowan\u0105 do Biur Podr\u00f3\u017cy, specjalizuj\u0105cych si\u0119 w organizacji wycieczek do Polski w\u0142asnym transportem. Oferta powsta\u0142a w \u015bcis\u0142ej wsp\u00f3\u0142pracy z Pa\u0142acem Wojan\u00f3w, Fundacj\u0105 Doliny Pa\u0142ac\u00f3w i Ogrod\u00f3w, Folwarkiem i Dworem w Bukowcu, Karkonoskim Parkiem Narodowym, Filharmoni\u0105 Dolno\u015bl\u0105sk\u0105 i miastem Jelenia G\u00f3ra. Projekt jest [&hellip;]\" \/>\n<meta property=\"og:url\" content=\"https:\/\/musictravels.pl\/cs\/offer-collaboration-music-travels\/\" \/>\n<meta property=\"og:site_name\" content=\"My Blog\" \/>\n<meta property=\"article:modified_time\" content=\"2024-01-07T16:05:11+00:00\" \/>\n<meta name=\"twitter:card\" content=\"summary_large_image\" \/>\n<meta name=\"twitter:label1\" content=\"Odhadovan\u00e1 doba \u010dten\u00ed\" \/>\n\t<meta name=\"twitter:data1\" content=\"2 minuty\" \/>\n<script type=\"application\/ld+json\" class=\"yoast-schema-graph\">{\"@context\":\"https:\/\/schema.org\",\"@graph\":[{\"@type\":\"WebPage\",\"@id\":\"https:\/\/musictravels.pl\/oferta-wspolpracy-music-travels\/\",\"url\":\"https:\/\/musictravels.pl\/oferta-wspolpracy-music-travels\/\",\"name\":\"Oferta Wsp\u00f3\u0142pracy - MusicTravels\",\"isPartOf\":{\"@id\":\"https:\/\/musictravels.pl\/#website\"},\"datePublished\":\"2023-12-26T20:51:48+00:00\",\"dateModified\":\"2024-01-07T16:05:11+00:00\",\"breadcrumb\":{\"@id\":\"https:\/\/musictravels.pl\/oferta-wspolpracy-music-travels\/#breadcrumb\"},\"inLanguage\":\"cs\",\"potentialAction\":[{\"@type\":\"ReadAction\",\"target\":[\"https:\/\/musictravels.pl\/oferta-wspolpracy-music-travels\/\"]}]},{\"@type\":\"BreadcrumbList\",\"@id\":\"https:\/\/musictravels.pl\/oferta-wspolpracy-music-travels\/#breadcrumb\",\"itemListElement\":[{\"@type\":\"ListItem\",\"position\":1,\"name\":\"Strona g\u0142\u00f3wna\",\"item\":\"https:\/\/musictravels.pl\/\"},{\"@type\":\"ListItem\",\"position\":2,\"name\":\"Dla Biur Podr\u00f3\u017cy\"}]},{\"@type\":\"WebSite\",\"@id\":\"https:\/\/musictravels.pl\/#website\",\"url\":\"https:\/\/musictravels.pl\/\",\"name\":\"My Blog\",\"description\":\"My WordPress Blog\",\"potentialAction\":[{\"@type\":\"SearchAction\",\"target\":{\"@type\":\"EntryPoint\",\"urlTemplate\":\"https:\/\/musictravels.pl\/?s={search_term_string}\"},\"query-input\":\"required name=search_term_string\"}],\"inLanguage\":\"cs\"}]}<\/script>\n<!-- \/ Yoast SEO plugin. -->","yoast_head_json":{"title":"Oferta Wsp\u00f3\u0142pracy - MusicTravels","robots":{"index":"index","follow":"follow","max-snippet":"max-snippet:-1","max-image-preview":"max-image-preview:large","max-video-preview":"max-video-preview:-1"},"canonical":"https:\/\/musictravels.pl\/cs\/offer-collaboration-music-travels\/","og_locale":"cs_CZ","og_type":"article","og_title":"Oferta Wsp\u00f3\u0142pracy - MusicTravels","og_description":"Music Travels Oferta dla Biur Podr\u00f3\u017cy Zapraszamy Pa\u0144stwa do zapoznania si\u0119 z ofert\u0105 adresowan\u0105 do Biur Podr\u00f3\u017cy, specjalizuj\u0105cych si\u0119 w organizacji wycieczek do Polski w\u0142asnym transportem. Oferta powsta\u0142a w \u015bcis\u0142ej wsp\u00f3\u0142pracy z Pa\u0142acem Wojan\u00f3w, Fundacj\u0105 Doliny Pa\u0142ac\u00f3w i Ogrod\u00f3w, Folwarkiem i Dworem w Bukowcu, Karkonoskim Parkiem Narodowym, Filharmoni\u0105 Dolno\u015bl\u0105sk\u0105 i miastem Jelenia G\u00f3ra. Projekt jest [&hellip;]","og_url":"https:\/\/musictravels.pl\/cs\/offer-collaboration-music-travels\/","og_site_name":"My Blog","article_modified_time":"2024-01-07T16:05:11+00:00","twitter_card":"summary_large_image","twitter_misc":{"Odhadovan\u00e1 doba \u010dten\u00ed":"2 minuty"},"schema":{"@context":"https:\/\/schema.org","@graph":[{"@type":"WebPage","@id":"https:\/\/musictravels.pl\/oferta-wspolpracy-music-travels\/","url":"https:\/\/musictravels.pl\/oferta-wspolpracy-music-travels\/","name":"Oferta Wsp\u00f3\u0142pracy - MusicTravels","isPartOf":{"@id":"https:\/\/musictravels.pl\/#website"},"datePublished":"2023-12-26T20:51:48+00:00","dateModified":"2024-01-07T16:05:11+00:00","breadcrumb":{"@id":"https:\/\/musictravels.pl\/oferta-wspolpracy-music-travels\/#breadcrumb"},"inLanguage":"cs","potentialAction":[{"@type":"ReadAction","target":["https:\/\/musictravels.pl\/oferta-wspolpracy-music-travels\/"]}]},{"@type":"BreadcrumbList","@id":"https:\/\/musictravels.pl\/oferta-wspolpracy-music-travels\/#breadcrumb","itemListElement":[{"@type":"ListItem","position":1,"name":"Strona g\u0142\u00f3wna","item":"https:\/\/musictravels.pl\/"},{"@type":"ListItem","position":2,"name":"Dla Biur Podr\u00f3\u017cy"}]},{"@type":"WebSite","@id":"https:\/\/musictravels.pl\/#website","url":"https:\/\/musictravels.pl\/","name":"My Blog","description":"My WordPress Blog","potentialAction":[{"@type":"SearchAction","target":{"@type":"EntryPoint","urlTemplate":"https:\/\/musictravels.pl\/?s={search_term_string}"},"query-input":"required name=search_term_string"}],"inLanguage":"cs"}]}},"_links":{"self":[{"href":"https:\/\/musictravels.pl\/cs\/wp-json\/wp\/v2\/pages\/2392","targetHints":{"allow":["GET"]}}],"collection":[{"href":"https:\/\/musictravels.pl\/cs\/wp-json\/wp\/v2\/pages"}],"about":[{"href":"https:\/\/musictravels.pl\/cs\/wp-json\/wp\/v2\/types\/page"}],"author":[{"embeddable":true,"href":"https:\/\/musictravels.pl\/cs\/wp-json\/wp\/v2\/users\/1"}],"replies":[{"embeddable":true,"href":"https:\/\/musictravels.pl\/cs\/wp-json\/wp\/v2\/comments?post=2392"}],"version-history":[{"count":18,"href":"https:\/\/musictravels.pl\/cs\/wp-json\/wp\/v2\/pages\/2392\/revisions"}],"predecessor-version":[{"id":2584,"href":"https:\/\/musictravels.pl\/cs\/wp-json\/wp\/v2\/pages\/2392\/revisions\/2584"}],"wp:attachment":[{"href":"https:\/\/musictravels.pl\/cs\/wp-json\/wp\/v2\/media?parent=2392"}],"curies":[{"name":"wp","href":"https:\/\/api.w.org\/{rel}","templated":true}]}}