{"id":2011,"date":"2023-12-23T06:56:14","date_gmt":"2023-12-23T06:56:14","guid":{"rendered":"https:\/\/musictravels.pl\/?page_id=2011"},"modified":"2023-12-23T06:57:26","modified_gmt":"2023-12-23T06:57:26","slug":"polityka-prywatnosci","status":"publish","type":"page","link":"https:\/\/musictravels.pl\/cs\/zasady-ochrany-osobnich-udaju\/","title":{"rendered":"Z\u00e1sady ochrany osobn\u00edch \u00fadaj\u016f"},"content":{"rendered":"<div data-elementor-type=\"wp-page\" data-elementor-id=\"2011\" class=\"elementor elementor-2011\">\n\t\t\t\t\t\t<div class=\"elementor-inner\">\n\t\t\t\t<div class=\"elementor-section-wrap\">\n\t\t\t\t\t\t\t\t\t<section class=\"elementor-section elementor-top-section elementor-element elementor-element-027b947 elementor-section-full_width elementor-section-height-default elementor-section-height-default row-top\" data-id=\"027b947\" data-element_type=\"section\">\n\t\t\t\t\t\t<div class=\"elementor-container elementor-column-gap-default\">\n\t\t\t\t\t\t\t<div class=\"elementor-row\">\n\t\t\t\t\t<div class=\"elementor-column elementor-col-100 elementor-top-column elementor-element elementor-element-d0bf791\" data-id=\"d0bf791\" data-element_type=\"column\">\n\t\t\t<div class=\"elementor-column-wrap elementor-element-populated\">\n\t\t\t\t\t\t\t<div class=\"elementor-widget-wrap\">\n\t\t\t\t\t\t<section class=\"elementor-section elementor-inner-section elementor-element elementor-element-01bc3a9 elementor-section-boxed elementor-section-height-default elementor-section-height-default row-top\" data-id=\"01bc3a9\" data-element_type=\"section\">\n\t\t\t\t\t\t<div class=\"elementor-container elementor-column-gap-default\">\n\t\t\t\t\t\t\t<div class=\"elementor-row\">\n\t\t\t\t\t<div class=\"elementor-column elementor-col-100 elementor-inner-column elementor-element elementor-element-639c088\" data-id=\"639c088\" data-element_type=\"column\">\n\t\t\t<div class=\"elementor-column-wrap elementor-element-populated\">\n\t\t\t\t\t\t\t<div class=\"elementor-widget-wrap\">\n\t\t\t\t\t\t<div class=\"elementor-element elementor-element-7938ee5 elementor-widget elementor-widget-gva-heading-block\" data-id=\"7938ee5\" data-element_type=\"widget\" data-widget_type=\"gva-heading-block.default\">\n\t\t\t\t<div class=\"elementor-widget-container\">\n\t\t\t<div class=\"gva-element-gva-heading-block gva-element\">   <div class=\"align-center style-1 widget gsc-heading box-align-center auto-responsive\">\r\n      <div class=\"content-inner\">\r\n         \r\n                  \r\n           \r\n         \r\n                     <h2 class=\"title\">\r\n               <span>Z\u00e1sady ochrany osobn\u00edch \u00fadaj\u016f<\/span>\r\n            <\/h2>\r\n                  \r\n         \r\n      <\/div>\r\n   <\/div>\r\n<\/div>\t\t<\/div>\n\t\t\t\t<\/div>\n\t\t\t\t<div class=\"elementor-element elementor-element-a5e6c8c elementor-widget elementor-widget-text-editor\" data-id=\"a5e6c8c\" data-element_type=\"widget\" data-widget_type=\"text-editor.default\">\n\t\t\t\t<div class=\"elementor-widget-container\">\n\t\t\t<style>\/*! elementor - v3.16.0 - 17-10-2023 *\/\n.elementor-widget-text-editor.elementor-drop-cap-view-stacked .elementor-drop-cap{background-color:#69727d;color:#fff}.elementor-widget-text-editor.elementor-drop-cap-view-framed .elementor-drop-cap{color:#69727d;border:3px solid;background-color:transparent}.elementor-widget-text-editor:not(.elementor-drop-cap-view-default) .elementor-drop-cap{margin-top:8px}.elementor-widget-text-editor:not(.elementor-drop-cap-view-default) .elementor-drop-cap-letter{width:1em;height:1em}.elementor-widget-text-editor .elementor-drop-cap{float:left;text-align:center;line-height:1;font-size:50px}.elementor-widget-text-editor .elementor-drop-cap-letter{display:inline-block}<\/style>\t\t\t\t\t<div class=\"elementor-text-editor elementor-clearfix\">\n\t\t\t\t<p style=\"text-align: center;\"><strong>1 \u00davod:<\/strong><\/p><p>1.1 Tyto z\u00e1sady ochrany osobn\u00edch \u00fadaj\u016f stanov\u00ed pravidla pro shroma\u017e\u010fov\u00e1n\u00ed, zpracov\u00e1n\u00ed a uchov\u00e1v\u00e1n\u00ed osobn\u00edch \u00fadaj\u016f cestovn\u00ed kancel\u00e1\u0159\u00ed MI STUDIO S.C. v souvislosti s rezervac\u00ed m\u00edst na 5denn\u00edch z\u00e1jezdech jin\u00fdmi cestovn\u00edmi kancel\u00e1\u0159emi.<\/p><p style=\"text-align: center;\"><strong>2 Spr\u00e1vce \u00fadaj\u016f:<\/strong><\/p><p>2.1 Spr\u00e1vcem osobn\u00edch \u00fadaj\u016f je MI STUDIO S.C., NIP: 8992490766, REGON: 932956027, se s\u00eddlem na adrese ul. Orzechowa 45\/12, 50-540 Wroc\u0142aw, Dolnoslezsk\u00e9 vojvodstv\u00ed.<\/p><p style=\"text-align: center;\"><strong>3 typy osobn\u00edch \u00fadaj\u016f:<\/strong><\/p><p>3.1 P\u0159i rezervaci m\u00edst na z\u00e1jezdech m\u016f\u017ee cestovn\u00ed kancel\u00e1\u0159 shroma\u017e\u010fovat n\u00e1sleduj\u00edc\u00ed typy osobn\u00edch \u00fadaj\u016f:<\/p><ul><li>Jm\u00e9no z\u00e1stupce cestovn\u00ed kancel\u00e1\u0159e,<\/li><li>E-mailov\u00e1 adresa,<\/li><li>Kontaktn\u00ed telefonn\u00ed \u010d\u00edslo,<\/li><li>\u00dadaje o spole\u010dnosti (DI\u010c, REGON, adresa s\u00eddla).<\/li><\/ul><p style=\"text-align: center;\"><strong>4 \u00da\u010del a pr\u00e1vn\u00ed z\u00e1klad zpracov\u00e1n\u00ed \u00fadaj\u016f:<\/strong><\/p><p>4.1 Osobn\u00ed \u00fadaje jsou zpracov\u00e1v\u00e1ny za \u00fa\u010delem umo\u017en\u011bn\u00ed rezervace m\u00edst na 5denn\u00edch z\u00e1jezdech jin\u00fdmi cestovn\u00edmi kancel\u00e1\u0159emi.<\/p><p>4.2 Pr\u00e1vn\u00edm z\u00e1kladem pro zpracov\u00e1n\u00ed \u00fadaj\u016f je souhlas z\u00e1stupce cestovn\u00ed kancel\u00e1\u0159e a nezbytnost zpracov\u00e1n\u00ed \u00fadaj\u016f pro pln\u011bn\u00ed smlouvy.<\/p><p style=\"text-align: center;\"><strong>5 Doba uchov\u00e1v\u00e1n\u00ed \u00fadaj\u016f:<\/strong><\/p><p>5.1 Osobn\u00ed \u00fadaje jsou uchov\u00e1v\u00e1ny po dobu nezbytnou pro dokon\u010den\u00ed rezervace a v souladu s platn\u00fdmi pr\u00e1vn\u00edmi p\u0159edpisy.<\/p><p style=\"text-align: center;\"><strong>6 Sd\u00edlen\u00ed osobn\u00edch \u00fadaj\u016f:<\/strong><\/p><p>6.1 Osobn\u00ed \u00fadaje se neposkytuj\u00ed t\u0159et\u00edm stran\u00e1m bez v\u00fdslovn\u00e9ho souhlasu z\u00e1stupce cestovn\u00ed kancel\u00e1\u0159e, pokud to nen\u00ed nezbytn\u00e9 pro dokon\u010den\u00ed rezervace.<\/p><p><strong>7 Zabezpe\u010den\u00ed dat:<\/strong><\/p><p>7.1 Turistick\u00e1 agentura MI STUDIO S.C. p\u0159ij\u00edm\u00e1 ve\u0161ker\u00e1 nezbytn\u00e1 opat\u0159en\u00ed k zaji\u0161t\u011bn\u00ed bezpe\u010dnosti zpracov\u00e1van\u00fdch osobn\u00edch \u00fadaj\u016f, v\u010detn\u011b technick\u00fdch a organiza\u010dn\u00edch z\u00e1ruk.<\/p><p style=\"text-align: center;\"><strong>8 Pr\u00e1va subjekt\u016f \u00fadaj\u016f:<\/strong><\/p><p>8.1 Subjekty \u00fadaj\u016f maj\u00ed pr\u00e1vo na p\u0159\u00edstup, opravu, v\u00fdmaz, omezen\u00ed zpracov\u00e1n\u00ed a pr\u00e1vo vzn\u00e9st n\u00e1mitku proti zpracov\u00e1n\u00ed sv\u00fdch \u00fadaj\u016f.<\/p><p style=\"text-align: center;\"><strong>9 Kontakt:<\/strong><\/p><p>9.1 Jak\u00e9koli dotazy t\u00fdkaj\u00edc\u00ed se z\u00e1sad ochrany osobn\u00edch \u00fadaj\u016f m\u016f\u017eete sm\u011b\u0159ovat na n\u00e1sleduj\u00edc\u00ed e-mailovou adresu: <a target=\"_new\">mistudio@mi-studio.com<\/a> nebo na po\u0161tovn\u00ed adresu turistick\u00e9 agentury MI STUDIO S.C..<\/p><p><strong>10. Zm\u011bny z\u00e1sad ochrany osobn\u00edch \u00fadaj\u016f:<\/strong><\/p><p>10.1 MI STUDIO Tourist Agency S.C. si vyhrazuje pr\u00e1vo prov\u00e1d\u011bt zm\u011bny t\u011bchto Z\u00e1sad ochrany osobn\u00edch \u00fadaj\u016f. Aktualizace budou zve\u0159ejn\u011bny na webov\u00fdch str\u00e1nk\u00e1ch agentury.<\/p><p>Posledn\u00ed aktualizace: [Datum aktualizace].<\/p><p><strong>P\u0159\u00edloha: Informa\u010dn\u00ed dolo\u017eka pro cestovn\u00ed kancel\u00e1\u0159e:<\/strong><\/p><p>T\u00edmto v\u00e1s informujeme, \u017ee va\u0161e osobn\u00ed \u00fadaje jsou zpracov\u00e1v\u00e1ny za \u00fa\u010delem rezervace m\u00edst na p\u011btidenn\u00ed z\u00e1jezdy. Spr\u00e1vcem \u00fadaj\u016f je MI STUDIO S.C. se s\u00eddlem na adrese Orzechowa 45\/12, 50-540 Wroc\u0142aw. V\u00edce informac\u00ed naleznete v Z\u00e1sad\u00e1ch ochrany osobn\u00edch \u00fadaj\u016f, kter\u00e9 jsou k dispozici na webov\u00fdch str\u00e1nk\u00e1ch turistick\u00e9 agentury MI STUDIO S.C.<\/p>\t\t\t\t\t<\/div>\n\t\t\t\t\t\t<\/div>\n\t\t\t\t<\/div>\n\t\t\t\t\t\t<\/div>\n\t\t\t\t\t<\/div>\n\t\t<\/div>\n\t\t\t\t\t\t\t\t<\/div>\n\t\t\t\t\t<\/div>\n\t\t<\/section>\n\t\t\t\t\t\t<\/div>\n\t\t\t\t\t<\/div>\n\t\t<\/div>\n\t\t\t\t\t\t\t\t<\/div>\n\t\t\t\t\t<\/div>\n\t\t<\/section>\n\t\t\t\t\t\t\t\t\t<\/div>\n\t\t\t<\/div>\n\t\t\t\t\t<\/div>","protected":false},"excerpt":{"rendered":"<p>Polityka Prywatno\u015bci 1. Wprowadzenie: 1.1 Niniejsza Polityka Prywatno\u015bci okre\u015bla zasady zbierania, przetwarzania i przechowywania danych osobowych przez Agencj\u0119 Turystyczn\u0105 MI STUDIO S.C. w zwi\u0105zku z rezerwacj\u0105 miejsc w 5-dniowych wycieczkach przez inne biura podr\u00f3\u017cy. 2. Administrator Danych: 2.1 Administratorem danych osobowych jest MI STUDIO S.C., NIP: 8992490766, REGON: 932956027, z siedzib\u0105 przy ul. Orzechowa 45\/12, [&hellip;]<\/p>","protected":false},"author":1,"featured_media":0,"parent":0,"menu_order":0,"comment_status":"closed","ping_status":"closed","template":"","meta":{"_monsterinsights_skip_tracking":false,"_monsterinsights_sitenote_active":false,"_monsterinsights_sitenote_note":"","_monsterinsights_sitenote_category":0,"footnotes":""},"class_list":["post-2011","page","type-page","status-publish","hentry"],"yoast_head":"<!-- This site is optimized with the Yoast SEO plugin v21.4 - https:\/\/yoast.com\/wordpress\/plugins\/seo\/ -->\n<title>Polityka Prywatno\u015bci - My Blog<\/title>\n<meta name=\"robots\" content=\"index, follow, max-snippet:-1, max-image-preview:large, max-video-preview:-1\" \/>\n<link rel=\"canonical\" href=\"https:\/\/musictravels.pl\/cs\/zasady-ochrany-osobnich-udaju\/\" \/>\n<meta property=\"og:locale\" content=\"cs_CZ\" \/>\n<meta property=\"og:type\" content=\"article\" \/>\n<meta property=\"og:title\" content=\"Polityka Prywatno\u015bci - My Blog\" \/>\n<meta property=\"og:description\" content=\"Polityka Prywatno\u015bci 1. Wprowadzenie: 1.1 Niniejsza Polityka Prywatno\u015bci okre\u015bla zasady zbierania, przetwarzania i przechowywania danych osobowych przez Agencj\u0119 Turystyczn\u0105 MI STUDIO S.C. w zwi\u0105zku z rezerwacj\u0105 miejsc w 5-dniowych wycieczkach przez inne biura podr\u00f3\u017cy. 2. Administrator Danych: 2.1 Administratorem danych osobowych jest MI STUDIO S.C., NIP: 8992490766, REGON: 932956027, z siedzib\u0105 przy ul. Orzechowa 45\/12, [&hellip;]\" \/>\n<meta property=\"og:url\" content=\"https:\/\/musictravels.pl\/cs\/zasady-ochrany-osobnich-udaju\/\" \/>\n<meta property=\"og:site_name\" content=\"My Blog\" \/>\n<meta property=\"article:modified_time\" content=\"2023-12-23T06:57:26+00:00\" \/>\n<meta name=\"twitter:card\" content=\"summary_large_image\" \/>\n<meta name=\"twitter:label1\" content=\"Odhadovan\u00e1 doba \u010dten\u00ed\" \/>\n\t<meta name=\"twitter:data1\" content=\"3 minuty\" \/>\n<script type=\"application\/ld+json\" class=\"yoast-schema-graph\">{\"@context\":\"https:\/\/schema.org\",\"@graph\":[{\"@type\":\"WebPage\",\"@id\":\"https:\/\/musictravels.pl\/polityka-prywatnosci\/\",\"url\":\"https:\/\/musictravels.pl\/polityka-prywatnosci\/\",\"name\":\"Polityka Prywatno\u015bci - My Blog\",\"isPartOf\":{\"@id\":\"https:\/\/musictravels.pl\/#website\"},\"datePublished\":\"2023-12-23T06:56:14+00:00\",\"dateModified\":\"2023-12-23T06:57:26+00:00\",\"breadcrumb\":{\"@id\":\"https:\/\/musictravels.pl\/polityka-prywatnosci\/#breadcrumb\"},\"inLanguage\":\"cs\",\"potentialAction\":[{\"@type\":\"ReadAction\",\"target\":[\"https:\/\/musictravels.pl\/polityka-prywatnosci\/\"]}]},{\"@type\":\"BreadcrumbList\",\"@id\":\"https:\/\/musictravels.pl\/polityka-prywatnosci\/#breadcrumb\",\"itemListElement\":[{\"@type\":\"ListItem\",\"position\":1,\"name\":\"Strona g\u0142\u00f3wna\",\"item\":\"https:\/\/musictravels.pl\/\"},{\"@type\":\"ListItem\",\"position\":2,\"name\":\"Polityka Prywatno\u015bci\"}]},{\"@type\":\"WebSite\",\"@id\":\"https:\/\/musictravels.pl\/#website\",\"url\":\"https:\/\/musictravels.pl\/\",\"name\":\"My Blog\",\"description\":\"My WordPress Blog\",\"potentialAction\":[{\"@type\":\"SearchAction\",\"target\":{\"@type\":\"EntryPoint\",\"urlTemplate\":\"https:\/\/musictravels.pl\/?s={search_term_string}\"},\"query-input\":\"required name=search_term_string\"}],\"inLanguage\":\"cs\"}]}<\/script>\n<!-- \/ Yoast SEO plugin. -->","yoast_head_json":{"title":"Polityka Prywatno\u015bci - My Blog","robots":{"index":"index","follow":"follow","max-snippet":"max-snippet:-1","max-image-preview":"max-image-preview:large","max-video-preview":"max-video-preview:-1"},"canonical":"https:\/\/musictravels.pl\/cs\/zasady-ochrany-osobnich-udaju\/","og_locale":"cs_CZ","og_type":"article","og_title":"Polityka Prywatno\u015bci - My Blog","og_description":"Polityka Prywatno\u015bci 1. Wprowadzenie: 1.1 Niniejsza Polityka Prywatno\u015bci okre\u015bla zasady zbierania, przetwarzania i przechowywania danych osobowych przez Agencj\u0119 Turystyczn\u0105 MI STUDIO S.C. w zwi\u0105zku z rezerwacj\u0105 miejsc w 5-dniowych wycieczkach przez inne biura podr\u00f3\u017cy. 2. Administrator Danych: 2.1 Administratorem danych osobowych jest MI STUDIO S.C., NIP: 8992490766, REGON: 932956027, z siedzib\u0105 przy ul. Orzechowa 45\/12, [&hellip;]","og_url":"https:\/\/musictravels.pl\/cs\/zasady-ochrany-osobnich-udaju\/","og_site_name":"My Blog","article_modified_time":"2023-12-23T06:57:26+00:00","twitter_card":"summary_large_image","twitter_misc":{"Odhadovan\u00e1 doba \u010dten\u00ed":"3 minuty"},"schema":{"@context":"https:\/\/schema.org","@graph":[{"@type":"WebPage","@id":"https:\/\/musictravels.pl\/polityka-prywatnosci\/","url":"https:\/\/musictravels.pl\/polityka-prywatnosci\/","name":"Polityka Prywatno\u015bci - My Blog","isPartOf":{"@id":"https:\/\/musictravels.pl\/#website"},"datePublished":"2023-12-23T06:56:14+00:00","dateModified":"2023-12-23T06:57:26+00:00","breadcrumb":{"@id":"https:\/\/musictravels.pl\/polityka-prywatnosci\/#breadcrumb"},"inLanguage":"cs","potentialAction":[{"@type":"ReadAction","target":["https:\/\/musictravels.pl\/polityka-prywatnosci\/"]}]},{"@type":"BreadcrumbList","@id":"https:\/\/musictravels.pl\/polityka-prywatnosci\/#breadcrumb","itemListElement":[{"@type":"ListItem","position":1,"name":"Strona g\u0142\u00f3wna","item":"https:\/\/musictravels.pl\/"},{"@type":"ListItem","position":2,"name":"Polityka Prywatno\u015bci"}]},{"@type":"WebSite","@id":"https:\/\/musictravels.pl\/#website","url":"https:\/\/musictravels.pl\/","name":"My Blog","description":"My WordPress Blog","potentialAction":[{"@type":"SearchAction","target":{"@type":"EntryPoint","urlTemplate":"https:\/\/musictravels.pl\/?s={search_term_string}"},"query-input":"required name=search_term_string"}],"inLanguage":"cs"}]}},"_links":{"self":[{"href":"https:\/\/musictravels.pl\/cs\/wp-json\/wp\/v2\/pages\/2011","targetHints":{"allow":["GET"]}}],"collection":[{"href":"https:\/\/musictravels.pl\/cs\/wp-json\/wp\/v2\/pages"}],"about":[{"href":"https:\/\/musictravels.pl\/cs\/wp-json\/wp\/v2\/types\/page"}],"author":[{"embeddable":true,"href":"https:\/\/musictravels.pl\/cs\/wp-json\/wp\/v2\/users\/1"}],"replies":[{"embeddable":true,"href":"https:\/\/musictravels.pl\/cs\/wp-json\/wp\/v2\/comments?post=2011"}],"version-history":[{"count":4,"href":"https:\/\/musictravels.pl\/cs\/wp-json\/wp\/v2\/pages\/2011\/revisions"}],"predecessor-version":[{"id":2015,"href":"https:\/\/musictravels.pl\/cs\/wp-json\/wp\/v2\/pages\/2011\/revisions\/2015"}],"wp:attachment":[{"href":"https:\/\/musictravels.pl\/cs\/wp-json\/wp\/v2\/media?parent=2011"}],"curies":[{"name":"wp","href":"https:\/\/api.w.org\/{rel}","templated":true}]}}