{"id":1993,"date":"2023-12-23T06:29:16","date_gmt":"2023-12-23T06:29:16","guid":{"rendered":"https:\/\/musictravels.pl\/?page_id=1993"},"modified":"2023-12-26T20:16:21","modified_gmt":"2023-12-26T20:16:21","slug":"regulamin","status":"publish","type":"page","link":"https:\/\/musictravels.pl\/cs\/predpisy\/","title":{"rendered":"P\u0159edpisy"},"content":{"rendered":"<div data-elementor-type=\"wp-page\" data-elementor-id=\"1993\" class=\"elementor elementor-1993\">\n\t\t\t\t\t\t<div class=\"elementor-inner\">\n\t\t\t\t<div class=\"elementor-section-wrap\">\n\t\t\t\t\t\t\t\t\t<section class=\"elementor-section elementor-top-section elementor-element elementor-element-027b947 elementor-section-full_width elementor-section-height-default elementor-section-height-default row-top\" data-id=\"027b947\" data-element_type=\"section\">\n\t\t\t\t\t\t<div class=\"elementor-container elementor-column-gap-default\">\n\t\t\t\t\t\t\t<div class=\"elementor-row\">\n\t\t\t\t\t<div class=\"elementor-column elementor-col-100 elementor-top-column elementor-element elementor-element-d0bf791\" data-id=\"d0bf791\" data-element_type=\"column\">\n\t\t\t<div class=\"elementor-column-wrap elementor-element-populated\">\n\t\t\t\t\t\t\t<div class=\"elementor-widget-wrap\">\n\t\t\t\t\t\t<section class=\"elementor-section elementor-inner-section elementor-element elementor-element-01bc3a9 elementor-section-boxed elementor-section-height-default elementor-section-height-default row-top\" data-id=\"01bc3a9\" data-element_type=\"section\">\n\t\t\t\t\t\t<div class=\"elementor-container elementor-column-gap-default\">\n\t\t\t\t\t\t\t<div class=\"elementor-row\">\n\t\t\t\t\t<div class=\"elementor-column elementor-col-100 elementor-inner-column elementor-element elementor-element-639c088\" data-id=\"639c088\" data-element_type=\"column\">\n\t\t\t<div class=\"elementor-column-wrap elementor-element-populated\">\n\t\t\t\t\t\t\t<div class=\"elementor-widget-wrap\">\n\t\t\t\t\t\t<div class=\"elementor-element elementor-element-7938ee5 elementor-widget elementor-widget-gva-heading-block\" data-id=\"7938ee5\" data-element_type=\"widget\" data-widget_type=\"gva-heading-block.default\">\n\t\t\t\t<div class=\"elementor-widget-container\">\n\t\t\t<div class=\"gva-element-gva-heading-block gva-element\">   <div class=\"align-center style-1 widget gsc-heading box-align-center auto-responsive\">\r\n      <div class=\"content-inner\">\r\n         \r\n                  \r\n           \r\n         \r\n                     <h2 class=\"title\">\r\n               <span>Podm\u00ednky rezervace z\u00e1jezd\u016f pro cestovn\u00ed kancel\u00e1\u0159e <\/span>\r\n            <\/h2>\r\n                  \r\n         \r\n      <\/div>\r\n   <\/div>\r\n<\/div>\t\t<\/div>\n\t\t\t\t<\/div>\n\t\t\t\t<div class=\"elementor-element elementor-element-a5e6c8c elementor-widget elementor-widget-text-editor\" data-id=\"a5e6c8c\" data-element_type=\"widget\" data-widget_type=\"text-editor.default\">\n\t\t\t\t<div class=\"elementor-widget-container\">\n\t\t\t<style>\/*! elementor - v3.16.0 - 17-10-2023 *\/\n.elementor-widget-text-editor.elementor-drop-cap-view-stacked .elementor-drop-cap{background-color:#69727d;color:#fff}.elementor-widget-text-editor.elementor-drop-cap-view-framed .elementor-drop-cap{color:#69727d;border:3px solid;background-color:transparent}.elementor-widget-text-editor:not(.elementor-drop-cap-view-default) .elementor-drop-cap{margin-top:8px}.elementor-widget-text-editor:not(.elementor-drop-cap-view-default) .elementor-drop-cap-letter{width:1em;height:1em}.elementor-widget-text-editor .elementor-drop-cap{float:left;text-align:center;line-height:1;font-size:50px}.elementor-widget-text-editor .elementor-drop-cap-letter{display:inline-block}<\/style>\t\t\t\t\t<div class=\"elementor-text-editor elementor-clearfix\">\n\t\t\t\t<p style=\"text-align: center;\"><strong>1 Obecn\u00e1 ustanoven\u00ed:<\/strong><\/p><p>1.1 Tato pravidla stanov\u00ed pravidla pro rezervaci m\u00edst na p\u011btidenn\u00edch z\u00e1jezdech nab\u00edzen\u00fdch turistickou agenturou.<\/p><p>1.2 Rezervace jsou mo\u017en\u00e9 pouze pro jin\u00e9 cestovn\u00ed kancel\u00e1\u0159e, kter\u00e9 se zaregistrovaly u cestovn\u00ed kancel\u00e1\u0159e a byly j\u00ed schv\u00e1leny.<\/p><p style=\"text-align: center;\"><strong>2 Postup rezervace:<\/strong><\/p><p>2.1 Cestovn\u00ed kancel\u00e1\u0159, kter\u00e1 m\u00e1 z\u00e1jem o \u00fa\u010dast na z\u00e1jezdu, se zavazuje vyplnit rezerva\u010dn\u00ed formul\u00e1\u0159, kter\u00fd je k dispozici na internetov\u00fdch str\u00e1nk\u00e1ch cestovn\u00ed kancel\u00e1\u0159e.<\/p><p>2.2 V rezerva\u010dn\u00edm formul\u00e1\u0159i mus\u00edte uv\u00e9st v\u0161echny pot\u0159ebn\u00e9 informace, v\u010detn\u011b kontaktn\u00edch \u00fadaj\u016f, po\u010dtu osob, preferenc\u00ed ubytov\u00e1n\u00ed atd.<\/p><p>2.3 Po odesl\u00e1n\u00ed formul\u00e1\u0159e obdr\u017e\u00ed cestovn\u00ed kancel\u00e1\u0159 potvrzen\u00ed rezervace na uvedenou e-mailovou adresu.<\/p><p style=\"text-align: center;\"><strong>3 Platby:<\/strong><\/p><p>3.1 Po potvrzen\u00ed rezervace se cestovn\u00ed kancel\u00e1\u0159 zavazuje uhradit z\u00e1lohu v dohodnut\u00e9m term\u00ednu a v souladu s informacemi uveden\u00fdmi v potvrzen\u00ed rezervace.<\/p><p>3.2 Pokud nen\u00ed platba provedena v\u010das, vyhrazuje si cestovn\u00ed kancel\u00e1\u0159 pr\u00e1vo zru\u0161it rezervaci.<\/p><p style=\"text-align: center;\"><strong>4 Z\u00e1sady storna a vr\u00e1cen\u00ed pen\u011bz:<\/strong><\/p><p>4.1 Cestovn\u00ed kancel\u00e1\u0159 m\u016f\u017ee zru\u0161it rezervaci bez dodate\u010dn\u00fdch n\u00e1klad\u016f do ur\u010dit\u00e9ho data uveden\u00e9ho v potvrzen\u00ed rezervace.<\/p><p>4.2 V p\u0159\u00edpad\u011b zru\u0161en\u00ed rezervace po stanoven\u00e9m term\u00ednu m\u016f\u017ee cestovn\u00ed kancel\u00e1\u0159 \u00fa\u010dtovat storno poplatek podle dohodnut\u00fdch sazeb.<\/p><p>4.3 V p\u0159\u00edpad\u011b zru\u0161en\u00ed rezervace z d\u016fvodu nep\u0159edv\u00eddan\u00fdch okolnost\u00ed, jako je vy\u0161\u0161\u00ed moc, si cestovn\u00ed kancel\u00e1\u0159 vyhrazuje pr\u00e1vo zm\u011bnit storno podm\u00ednky.<\/p><p style=\"text-align: center;\"><strong>5 Zm\u011bny v programu exkurz\u00ed:<\/strong><\/p><p>5.1 Cestovn\u00ed kancel\u00e1\u0159 si vyhrazuje pr\u00e1vo na zm\u011bny v programu z\u00e1jezdu v d\u016fsledku okolnost\u00ed, kter\u00e9 nem\u016f\u017ee ovlivnit.<\/p><p>5.2 Cestovn\u00ed kancel\u00e1\u0159 bude co nejd\u0159\u00edve informov\u00e1na o v\u0161ech zm\u011bn\u00e1ch programu.<\/p><p style=\"text-align: center;\"><strong>6 Odpov\u011bdnost:<\/strong><\/p><p>6.1 Cestovn\u00ed kancel\u00e1\u0159 neodpov\u00edd\u00e1 za po\u0161kozen\u00ed nebo ztr\u00e1tu majetku \u00fa\u010dastn\u00edk\u016f z\u00e1jezdu.<\/p><p>6.2 Cestovn\u00ed kancel\u00e1\u0159 se zavazuje dodr\u017eovat v\u0161echny p\u0159edpisy a pravidla m\u00edst, kter\u00e1 b\u011bhem z\u00e1jezdu nav\u0161t\u00edv\u00ed.<\/p><p style=\"text-align: center;\"><strong>7 Z\u00e1v\u011bre\u010dn\u00e1 ustanoven\u00ed:<\/strong><\/p><p>7.1 Tato pravidla a p\u0159edpisy vstupuj\u00ed v platnost zve\u0159ejn\u011bn\u00edm na internetov\u00fdch str\u00e1nk\u00e1ch turistick\u00e9 agentury.<\/p><p>7.2 Cestovn\u00ed kancel\u00e1\u0159 si vyhrazuje pr\u00e1vo kdykoli zm\u011bnit pravidla a informovat o tom cestovn\u00ed kancel\u00e1\u0159e e-mailem.<\/p><p>7.3 V p\u0159\u00edpad\u011b spor\u016f se strany zavazuj\u00ed \u0159e\u0161it je jedn\u00e1n\u00edm. V p\u0159\u00edpad\u011b nedohody budou spory \u0159e\u0161eny p\u0159\u00edslu\u0161n\u00fdmi soudy.<\/p><p>P\u0159ed proveden\u00edm rezervace si pros\u00edm pe\u010dliv\u011b p\u0159e\u010dt\u011bte podm\u00ednky.<\/p>\t\t\t\t\t<\/div>\n\t\t\t\t\t\t<\/div>\n\t\t\t\t<\/div>\n\t\t\t\t\t\t<\/div>\n\t\t\t\t\t<\/div>\n\t\t<\/div>\n\t\t\t\t\t\t\t\t<\/div>\n\t\t\t\t\t<\/div>\n\t\t<\/section>\n\t\t\t\t\t\t<\/div>\n\t\t\t\t\t<\/div>\n\t\t<\/div>\n\t\t\t\t\t\t\t\t<\/div>\n\t\t\t\t\t<\/div>\n\t\t<\/section>\n\t\t\t\t\t\t\t\t\t<\/div>\n\t\t\t<\/div>\n\t\t\t\t\t<\/div>","protected":false},"excerpt":{"rendered":"<p>Pravidla pro rezervaci z\u00e1jezd\u016f pro cestovn\u00ed kancel\u00e1\u0159e 1. Obecn\u00e1 ustanoven\u00ed: 1.1 Tento p\u0159edpis stanov\u00ed pravidla pro rezervaci m\u00edst na p\u011btidenn\u00edch z\u00e1jezdech nab\u00edzen\u00fdch cestovn\u00ed kancel\u00e1\u0159\u00ed. 1.2 Rezervace jsou mo\u017en\u00e9 pouze pro ostatn\u00ed cestovn\u00ed kancel\u00e1\u0159e, kter\u00e9 se zaregistrovaly a byly schv\u00e1leny cestovn\u00ed kancel\u00e1\u0159\u00ed. 2 Postup p\u0159i rezervaci: 2.1 Cestovn\u00ed kancel\u00e1\u0159, kter\u00e1 m\u00e1 z\u00e1jem o \u00fa\u010dast na z\u00e1jezdu, se zavazuje vyplnit rezerva\u010dn\u00ed formul\u00e1\u0159 [...].<\/p>","protected":false},"author":1,"featured_media":0,"parent":0,"menu_order":0,"comment_status":"closed","ping_status":"closed","template":"","meta":{"_monsterinsights_skip_tracking":false,"_monsterinsights_sitenote_active":false,"_monsterinsights_sitenote_note":"","_monsterinsights_sitenote_category":0,"footnotes":""},"class_list":["post-1993","page","type-page","status-publish","hentry"],"yoast_head":"<!-- This site is optimized with the Yoast SEO plugin v21.4 - https:\/\/yoast.com\/wordpress\/plugins\/seo\/ -->\n<title>Regulamin - My Blog<\/title>\n<meta name=\"robots\" content=\"index, follow, max-snippet:-1, max-image-preview:large, max-video-preview:-1\" \/>\n<link rel=\"canonical\" href=\"https:\/\/musictravels.pl\/cs\/predpisy\/\" \/>\n<meta property=\"og:locale\" content=\"cs_CZ\" \/>\n<meta property=\"og:type\" content=\"article\" \/>\n<meta property=\"og:title\" content=\"Regulamin - My Blog\" \/>\n<meta property=\"og:description\" content=\"Regulamin Rezerwacji Wycieczek dla Biur Podr\u00f3\u017cy 1. Postanowienia og\u00f3lne: 1.1 Niniejszy regulamin okre\u015bla zasady rezerwacji miejsc w 5-dniowych wycieczkach oferowanych przez Agencj\u0119 Turystyczn\u0105. 1.2 Rezerwacje s\u0105 mo\u017cliwe wy\u0142\u0105cznie dla innych biur podr\u00f3\u017cy, kt\u00f3re zarejestrowa\u0142y si\u0119 i uzyska\u0142y akceptacj\u0119 Agencji Turystycznej. 2. Procedura Rezerwacji: 2.1 Biuro podr\u00f3\u017cy zainteresowane uczestnictwem w wycieczce zobowi\u0105zuje si\u0119 wype\u0142ni\u0107 formularz rezerwacyjny [&hellip;]\" \/>\n<meta property=\"og:url\" content=\"https:\/\/musictravels.pl\/cs\/predpisy\/\" \/>\n<meta property=\"og:site_name\" content=\"My Blog\" \/>\n<meta property=\"article:modified_time\" content=\"2023-12-26T20:16:21+00:00\" \/>\n<meta name=\"twitter:card\" content=\"summary_large_image\" \/>\n<meta name=\"twitter:label1\" content=\"Odhadovan\u00e1 doba \u010dten\u00ed\" \/>\n\t<meta name=\"twitter:data1\" content=\"3 minuty\" \/>\n<script type=\"application\/ld+json\" class=\"yoast-schema-graph\">{\"@context\":\"https:\/\/schema.org\",\"@graph\":[{\"@type\":\"WebPage\",\"@id\":\"https:\/\/musictravels.pl\/regulamin\/\",\"url\":\"https:\/\/musictravels.pl\/regulamin\/\",\"name\":\"Regulamin - My Blog\",\"isPartOf\":{\"@id\":\"https:\/\/musictravels.pl\/#website\"},\"datePublished\":\"2023-12-23T06:29:16+00:00\",\"dateModified\":\"2023-12-26T20:16:21+00:00\",\"breadcrumb\":{\"@id\":\"https:\/\/musictravels.pl\/regulamin\/#breadcrumb\"},\"inLanguage\":\"cs\",\"potentialAction\":[{\"@type\":\"ReadAction\",\"target\":[\"https:\/\/musictravels.pl\/regulamin\/\"]}]},{\"@type\":\"BreadcrumbList\",\"@id\":\"https:\/\/musictravels.pl\/regulamin\/#breadcrumb\",\"itemListElement\":[{\"@type\":\"ListItem\",\"position\":1,\"name\":\"Strona g\u0142\u00f3wna\",\"item\":\"https:\/\/musictravels.pl\/\"},{\"@type\":\"ListItem\",\"position\":2,\"name\":\"Regulamin\"}]},{\"@type\":\"WebSite\",\"@id\":\"https:\/\/musictravels.pl\/#website\",\"url\":\"https:\/\/musictravels.pl\/\",\"name\":\"My Blog\",\"description\":\"My WordPress Blog\",\"potentialAction\":[{\"@type\":\"SearchAction\",\"target\":{\"@type\":\"EntryPoint\",\"urlTemplate\":\"https:\/\/musictravels.pl\/?s={search_term_string}\"},\"query-input\":\"required name=search_term_string\"}],\"inLanguage\":\"cs\"}]}<\/script>\n<!-- \/ Yoast SEO plugin. -->","yoast_head_json":{"title":"Regulamin - My Blog","robots":{"index":"index","follow":"follow","max-snippet":"max-snippet:-1","max-image-preview":"max-image-preview:large","max-video-preview":"max-video-preview:-1"},"canonical":"https:\/\/musictravels.pl\/cs\/predpisy\/","og_locale":"cs_CZ","og_type":"article","og_title":"Regulamin - My Blog","og_description":"Regulamin Rezerwacji Wycieczek dla Biur Podr\u00f3\u017cy 1. Postanowienia og\u00f3lne: 1.1 Niniejszy regulamin okre\u015bla zasady rezerwacji miejsc w 5-dniowych wycieczkach oferowanych przez Agencj\u0119 Turystyczn\u0105. 1.2 Rezerwacje s\u0105 mo\u017cliwe wy\u0142\u0105cznie dla innych biur podr\u00f3\u017cy, kt\u00f3re zarejestrowa\u0142y si\u0119 i uzyska\u0142y akceptacj\u0119 Agencji Turystycznej. 2. Procedura Rezerwacji: 2.1 Biuro podr\u00f3\u017cy zainteresowane uczestnictwem w wycieczce zobowi\u0105zuje si\u0119 wype\u0142ni\u0107 formularz rezerwacyjny [&hellip;]","og_url":"https:\/\/musictravels.pl\/cs\/predpisy\/","og_site_name":"My Blog","article_modified_time":"2023-12-26T20:16:21+00:00","twitter_card":"summary_large_image","twitter_misc":{"Odhadovan\u00e1 doba \u010dten\u00ed":"3 minuty"},"schema":{"@context":"https:\/\/schema.org","@graph":[{"@type":"WebPage","@id":"https:\/\/musictravels.pl\/regulamin\/","url":"https:\/\/musictravels.pl\/regulamin\/","name":"Regulamin - My Blog","isPartOf":{"@id":"https:\/\/musictravels.pl\/#website"},"datePublished":"2023-12-23T06:29:16+00:00","dateModified":"2023-12-26T20:16:21+00:00","breadcrumb":{"@id":"https:\/\/musictravels.pl\/regulamin\/#breadcrumb"},"inLanguage":"cs","potentialAction":[{"@type":"ReadAction","target":["https:\/\/musictravels.pl\/regulamin\/"]}]},{"@type":"BreadcrumbList","@id":"https:\/\/musictravels.pl\/regulamin\/#breadcrumb","itemListElement":[{"@type":"ListItem","position":1,"name":"Strona g\u0142\u00f3wna","item":"https:\/\/musictravels.pl\/"},{"@type":"ListItem","position":2,"name":"Regulamin"}]},{"@type":"WebSite","@id":"https:\/\/musictravels.pl\/#website","url":"https:\/\/musictravels.pl\/","name":"My Blog","description":"My WordPress Blog","potentialAction":[{"@type":"SearchAction","target":{"@type":"EntryPoint","urlTemplate":"https:\/\/musictravels.pl\/?s={search_term_string}"},"query-input":"required name=search_term_string"}],"inLanguage":"cs"}]}},"_links":{"self":[{"href":"https:\/\/musictravels.pl\/cs\/wp-json\/wp\/v2\/pages\/1993","targetHints":{"allow":["GET"]}}],"collection":[{"href":"https:\/\/musictravels.pl\/cs\/wp-json\/wp\/v2\/pages"}],"about":[{"href":"https:\/\/musictravels.pl\/cs\/wp-json\/wp\/v2\/types\/page"}],"author":[{"embeddable":true,"href":"https:\/\/musictravels.pl\/cs\/wp-json\/wp\/v2\/users\/1"}],"replies":[{"embeddable":true,"href":"https:\/\/musictravels.pl\/cs\/wp-json\/wp\/v2\/comments?post=1993"}],"version-history":[{"count":13,"href":"https:\/\/musictravels.pl\/cs\/wp-json\/wp\/v2\/pages\/1993\/revisions"}],"predecessor-version":[{"id":2391,"href":"https:\/\/musictravels.pl\/cs\/wp-json\/wp\/v2\/pages\/1993\/revisions\/2391"}],"wp:attachment":[{"href":"https:\/\/musictravels.pl\/cs\/wp-json\/wp\/v2\/media?parent=1993"}],"curies":[{"name":"wp","href":"https:\/\/api.w.org\/{rel}","templated":true}]}}